{"id":2026421,"date":"2025-06-09T01:37:04","date_gmt":"2025-06-08T23:37:04","guid":{"rendered":"https:\/\/streetmarkets.fr\/app\/produit\/trs-creator-long-sleeve-natural-raw\/"},"modified":"2025-12-14T00:28:59","modified_gmt":"2025-12-13T23:28:59","slug":"trs-creator-long-sleeve-natural-raw","status":"publish","type":"product","link":"https:\/\/streetmarkets.fr\/app\/produit\/trs-creator-long-sleeve-natural-raw\/","title":{"rendered":"TRS &#8211; Creator Long Sleeve Natural Raw"},"content":{"rendered":"<div class=\"mb-3\">\n<h4 class=\"uppercase text-xs lg:text-sm font-bold mb-3\">Description<\/h4>\n<div class=\"wysiwyg-p:my-0 wysiwyg-ul:my-0 lg:wysiwyg-li:text-sm wysiwyg-li:text-xs lg:wysiwyg-p:text-sm wysiwyg-p:text-xs check-icon-list-bullet\">\n<div data-content-type=\"row\" data-appearance=\"full-bleed\" data-enable-parallax=\"0\" data-parallax-speed=\"0.5\" data-background-images=\"{}\" data-background-type=\"image\" data-video-loop=\"true\" data-video-play-only-visible=\"true\" data-video-lazy-load=\"true\" data-video-fallback-src=\"\" data-element=\"main\" data-pb-style=\"Y4VLQJV\">\n<div data-content-type=\"text\" data-appearance=\"default\" data-element=\"main\" data-pb-style=\"EONC2OA\">\n<ul>\n<li>Manche mont\u00e9e<\/li>\n<li>C\u00f4te 1&#215;1 au col<\/li>\n<li>Surpiq\u00fbre double aiguille au poignet et \u00e0 l&#8217;ourlet<\/li>\n<li>Bande de renfort int\u00e9rieure en tissu de la m\u00eame mati\u00e8re au niveau du cou<\/li>\n<\/ul>\n<\/div>\n<\/div>\n<\/div>\n<\/div>\n<div class=\"mb-3\">\n<h4 class=\"uppercase text-xs lg:text-sm font-bold mb-3\">Composition<\/h4>\n<div class=\"child-p:mb-2 last:child-p:mb-0\">\n<p class=\"text-xs lg:text-sm\">Shell: Jersey simple, 100% coton biologique fil\u00e9 et peign\u00e9, Tissu lav\u00e9<\/p>\n<\/div>\n<\/div>\n<p>Washing &#8211; 30\u00b0Bleaching &#8211; NoCleaning &#8211; NoIroning &#8211; 110\u00b0Drying &#8211; Tumble Dry No<\/p>\n","protected":false},"excerpt":{"rendered":"<p>Description Manche mont\u00e9e C\u00f4te 1&#215;1 au col Surpiq\u00fbre double aiguille au poignet et \u00e0 l&#8217;ourlet Bande de renfort int\u00e9rieure en tissu de la m\u00eame mati\u00e8re au niveau du cou Composition Shell: Jersey simple, 100% coton biologique fil\u00e9 et peign\u00e9, Tissu lav\u00e9 Washing &#8211; 30\u00b0Bleaching &#8211; NoCleaning &#8211; NoIroning &#8211; 110\u00b0Drying &#8211; Tumble Dry No<\/p>\n","protected":false},"featured_media":2026422,"comment_status":"open","ping_status":"closed","template":"","meta":[],"product_brand":[],"product_cat":[1756,1762,1758],"product_tag":[1810],"acf":[],"_links":{"self":[{"href":"https:\/\/streetmarkets.fr\/app\/wp-json\/wp\/v2\/product\/2026421"}],"collection":[{"href":"https:\/\/streetmarkets.fr\/app\/wp-json\/wp\/v2\/product"}],"about":[{"href":"https:\/\/streetmarkets.fr\/app\/wp-json\/wp\/v2\/types\/product"}],"replies":[{"embeddable":true,"href":"https:\/\/streetmarkets.fr\/app\/wp-json\/wp\/v2\/comments?post=2026421"}],"wp:featuredmedia":[{"embeddable":true,"href":"https:\/\/streetmarkets.fr\/app\/wp-json\/wp\/v2\/media\/2026422"}],"wp:attachment":[{"href":"https:\/\/streetmarkets.fr\/app\/wp-json\/wp\/v2\/media?parent=2026421"}],"wp:term":[{"taxonomy":"product_brand","embeddable":true,"href":"https:\/\/streetmarkets.fr\/app\/wp-json\/wp\/v2\/product_brand?post=2026421"},{"taxonomy":"product_cat","embeddable":true,"href":"https:\/\/streetmarkets.fr\/app\/wp-json\/wp\/v2\/product_cat?post=2026421"},{"taxonomy":"product_tag","embeddable":true,"href":"https:\/\/streetmarkets.fr\/app\/wp-json\/wp\/v2\/product_tag?post=2026421"}],"curies":[{"name":"wp","href":"https:\/\/api.w.org\/{rel}","templated":true}]}}