{"id":2026395,"date":"2025-06-09T01:37:02","date_gmt":"2025-06-08T23:37:02","guid":{"rendered":"https:\/\/streetmarkets.fr\/app\/produit\/trs-hoodie-cruiser-black\/"},"modified":"2025-12-14T00:28:59","modified_gmt":"2025-12-13T23:28:59","slug":"trs-hoodie-cruiser-black","status":"publish","type":"product","link":"https:\/\/streetmarkets.fr\/app\/produit\/trs-hoodie-cruiser-black\/","title":{"rendered":"TRS &#8211; Hoodie Cruiser Black"},"content":{"rendered":"<p>LE SWEAT-SHIRT CAPUCHE UNISEXE<\/p>\n<p>COUPE NORMALE<\/p>\n<p>&#8211; Manches mont\u00e9es<br \/>\n&#8211; Capuche doubl\u00e9e dans la mati\u00e8re principale<br \/>\n&#8211; Cordon rond, ton sur ton, avec embout de finition m\u00e9tal<br \/>\n&#8211; Oeillets m\u00e9tal<br \/>\n&#8211; Bande de propret\u00e9 int\u00e9rieur col en chevron<br \/>\n&#8211; 1\/2 lune int\u00e9rieur col dans la mati\u00e8re principale<br \/>\n&#8211; Surpiq\u00fbre simple \u00e0 l&#8217;encolure et autour de la capuche<br \/>\n&#8211; C\u00f4te 1&#215;1 au bas de manches et bas de corps<br \/>\n&#8211; Surpiq\u00fbre double aux emmanchures, bas de manches et bas de corps<br \/>\n&#8211; Poche kangourou<\/p>\n<p>MATI\u00c8RE PRINCIPALE:<\/p>\n<p>MOLLETON BROSS\u00c9, 85% COTON BIOLOGIQUE FIL\u00c9 ET PEIGN\u00c9, 15% POLYESTER RECYCL\u00c9, TISSU LAV\u00c9, TOUCHER DOUX<\/p>\n","protected":false},"excerpt":{"rendered":"<p>LE SWEAT-SHIRT CAPUCHE UNISEXE COUPE NORMALE &#8211; Manches mont\u00e9es &#8211; Capuche doubl\u00e9e dans la mati\u00e8re principale &#8211; Cordon rond, ton sur ton, avec embout de finition m\u00e9tal &#8211; Oeillets m\u00e9tal &#8211; Bande de propret\u00e9 int\u00e9rieur col en chevron &#8211; 1\/2 lune int\u00e9rieur col dans la mati\u00e8re principale &#8211; Surpiq\u00fbre simple \u00e0 l&#8217;encolure et autour de [&hellip;]<\/p>\n","protected":false},"featured_media":2026396,"comment_status":"open","ping_status":"closed","template":"","meta":[],"product_brand":[],"product_cat":[1756,1762,1758],"product_tag":[1810],"acf":[],"_links":{"self":[{"href":"https:\/\/streetmarkets.fr\/app\/wp-json\/wp\/v2\/product\/2026395"}],"collection":[{"href":"https:\/\/streetmarkets.fr\/app\/wp-json\/wp\/v2\/product"}],"about":[{"href":"https:\/\/streetmarkets.fr\/app\/wp-json\/wp\/v2\/types\/product"}],"replies":[{"embeddable":true,"href":"https:\/\/streetmarkets.fr\/app\/wp-json\/wp\/v2\/comments?post=2026395"}],"wp:featuredmedia":[{"embeddable":true,"href":"https:\/\/streetmarkets.fr\/app\/wp-json\/wp\/v2\/media\/2026396"}],"wp:attachment":[{"href":"https:\/\/streetmarkets.fr\/app\/wp-json\/wp\/v2\/media?parent=2026395"}],"wp:term":[{"taxonomy":"product_brand","embeddable":true,"href":"https:\/\/streetmarkets.fr\/app\/wp-json\/wp\/v2\/product_brand?post=2026395"},{"taxonomy":"product_cat","embeddable":true,"href":"https:\/\/streetmarkets.fr\/app\/wp-json\/wp\/v2\/product_cat?post=2026395"},{"taxonomy":"product_tag","embeddable":true,"href":"https:\/\/streetmarkets.fr\/app\/wp-json\/wp\/v2\/product_tag?post=2026395"}],"curies":[{"name":"wp","href":"https:\/\/api.w.org\/{rel}","templated":true}]}}