{"id":2026140,"date":"2025-06-09T01:34:19","date_gmt":"2025-06-08T23:34:19","guid":{"rendered":"https:\/\/streetmarkets.fr\/app\/produit\/lab-dip-pantalon-sierra-olive\/"},"modified":"2025-12-14T00:28:33","modified_gmt":"2025-12-13T23:28:33","slug":"lab-dip-pantalon-sierra-olive","status":"publish","type":"product","link":"https:\/\/streetmarkets.fr\/app\/produit\/lab-dip-pantalon-sierra-olive\/","title":{"rendered":"Lab Dip &#8211; Pantalon Sierra Olive"},"content":{"rendered":"<p>Qui a dit que le style carpenter n&#8217;\u00e9tait pas f\u00e9minin ? Inspir\u00e9e de l&#8217;uniforme des charpentiers et des couvreurs, SIERRA impose son \u00e9l\u00e9gance avec une jambe droite large et longue pour vous \u00e9lancer la silhouette. La diff\u00e9rence avec le denim ? Le canva permet de vous proposer une gamme de couleur r\u00e9sistant et qui ne bouge pas.<\/p>\n<p>Mati\u00e8re : 100% Coton<\/p>\n<p>&#8211; Pantalon jambe droite large<br \/>\n&#8211; Taille haute<br \/>\n&#8211; Longueur long<br \/>\n&#8211; Fermeture par zip et bouton de jean<br \/>\n&#8211; Passants pour ceinture<br \/>\n&#8211; D\u00e9tails carpenter c\u00f4t\u00e9<br \/>\n&#8211; 2 poches italiennes \u00e0 l&#8217;avant<br \/>\n&#8211; 2 poches plaqu\u00e9es \u00e0 l&#8217;arri\u00e8re<br \/>\n&#8211; Largeur bas : 25 cm<br \/>\n&#8211; Longueur fourche : 28 cm<br \/>\n&#8211; Longueur depuis l&#8217;entrejambe : 80 cm<\/p>\n<p>Taille normalement. Prenez votre taille habituelle<br \/>\nSi vous \u00eates en demie-taille (25-27-29-31), prenez la taille au dessus.<\/p>\n","protected":false},"excerpt":{"rendered":"<p>Qui a dit que le style carpenter n&#8217;\u00e9tait pas f\u00e9minin ? Inspir\u00e9e de l&#8217;uniforme des charpentiers et des couvreurs, SIERRA impose son \u00e9l\u00e9gance avec une jambe droite large et longue pour vous \u00e9lancer la silhouette. La diff\u00e9rence avec le denim ? Le canva permet de vous proposer une gamme de couleur r\u00e9sistant et qui ne [&hellip;]<\/p>\n","protected":false},"featured_media":2026141,"comment_status":"open","ping_status":"closed","template":"","meta":[],"product_brand":[],"product_cat":[1756,1762],"product_tag":[1810],"acf":[],"_links":{"self":[{"href":"https:\/\/streetmarkets.fr\/app\/wp-json\/wp\/v2\/product\/2026140"}],"collection":[{"href":"https:\/\/streetmarkets.fr\/app\/wp-json\/wp\/v2\/product"}],"about":[{"href":"https:\/\/streetmarkets.fr\/app\/wp-json\/wp\/v2\/types\/product"}],"replies":[{"embeddable":true,"href":"https:\/\/streetmarkets.fr\/app\/wp-json\/wp\/v2\/comments?post=2026140"}],"wp:featuredmedia":[{"embeddable":true,"href":"https:\/\/streetmarkets.fr\/app\/wp-json\/wp\/v2\/media\/2026141"}],"wp:attachment":[{"href":"https:\/\/streetmarkets.fr\/app\/wp-json\/wp\/v2\/media?parent=2026140"}],"wp:term":[{"taxonomy":"product_brand","embeddable":true,"href":"https:\/\/streetmarkets.fr\/app\/wp-json\/wp\/v2\/product_brand?post=2026140"},{"taxonomy":"product_cat","embeddable":true,"href":"https:\/\/streetmarkets.fr\/app\/wp-json\/wp\/v2\/product_cat?post=2026140"},{"taxonomy":"product_tag","embeddable":true,"href":"https:\/\/streetmarkets.fr\/app\/wp-json\/wp\/v2\/product_tag?post=2026140"}],"curies":[{"name":"wp","href":"https:\/\/api.w.org\/{rel}","templated":true}]}}