{"id":2025546,"date":"2025-06-08T08:43:30","date_gmt":"2025-06-08T06:43:30","guid":{"rendered":"https:\/\/streetmarkets.fr\/app\/produit\/bracelet-frances-louise-hendricks\/"},"modified":"2026-05-08T08:38:28","modified_gmt":"2026-05-08T06:38:28","slug":"bracelet-frances-louise-hendricks","status":"publish","type":"product","link":"https:\/\/streetmarkets.fr\/app\/produit\/bracelet-frances-louise-hendricks\/","title":{"rendered":"Bracelet Frances &#8211; Louise Hendricks"},"content":{"rendered":"<p class=\"MsoNormal\">La m\u00e9daille Franc\u00e8s est rectangulaire \u00e0 la surface textur\u00e9e et aux contours patin\u00e9s.<\/p>\n<p class=\"MsoNormal\">Les zircons sertis tombent en pluie l\u00e9g\u00e8re comme une constellation fig\u00e9e d\u2019\u00e9toiles qui brillent.<\/p>\n<p class=\"MsoNormal\">Une collection brute et c\u00e9leste.<\/p>\n<p>Retrouvez sur notre eshop une s\u00e9lection des plus belles cr\u00e9ations bijoux de la nouvelle collection\u00a0<a href=\"https:\/\/www.joee.fr\/concept-store-louise-hendricks-pari\" target=\"_blank\" rel=\"noopener\">Louise Hendricks.<\/a><\/p>\n","protected":false},"excerpt":{"rendered":"<p>La m\u00e9daille Franc\u00e8s est rectangulaire \u00e0 la surface textur\u00e9e et aux contours patin\u00e9s. Les zircons sertis tombent en pluie l\u00e9g\u00e8re comme une constellation fig\u00e9e d\u2019\u00e9toiles qui brillent. Une collection brute et c\u00e9leste. Retrouvez sur notre eshop une s\u00e9lection des plus belles cr\u00e9ations bijoux de la nouvelle collection\u00a0Louise Hendricks.<\/p>\n","protected":false},"featured_media":2025547,"comment_status":"open","ping_status":"closed","template":"","meta":[],"product_brand":[],"product_cat":[1807,1756],"product_tag":[2244],"acf":[],"_links":{"self":[{"href":"https:\/\/streetmarkets.fr\/app\/wp-json\/wp\/v2\/product\/2025546"}],"collection":[{"href":"https:\/\/streetmarkets.fr\/app\/wp-json\/wp\/v2\/product"}],"about":[{"href":"https:\/\/streetmarkets.fr\/app\/wp-json\/wp\/v2\/types\/product"}],"replies":[{"embeddable":true,"href":"https:\/\/streetmarkets.fr\/app\/wp-json\/wp\/v2\/comments?post=2025546"}],"wp:featuredmedia":[{"embeddable":true,"href":"https:\/\/streetmarkets.fr\/app\/wp-json\/wp\/v2\/media\/2025547"}],"wp:attachment":[{"href":"https:\/\/streetmarkets.fr\/app\/wp-json\/wp\/v2\/media?parent=2025546"}],"wp:term":[{"taxonomy":"product_brand","embeddable":true,"href":"https:\/\/streetmarkets.fr\/app\/wp-json\/wp\/v2\/product_brand?post=2025546"},{"taxonomy":"product_cat","embeddable":true,"href":"https:\/\/streetmarkets.fr\/app\/wp-json\/wp\/v2\/product_cat?post=2025546"},{"taxonomy":"product_tag","embeddable":true,"href":"https:\/\/streetmarkets.fr\/app\/wp-json\/wp\/v2\/product_tag?post=2025546"}],"curies":[{"name":"wp","href":"https:\/\/api.w.org\/{rel}","templated":true}]}}