{"id":2025356,"date":"2025-06-08T05:22:55","date_gmt":"2025-06-08T03:22:55","guid":{"rendered":"https:\/\/streetmarkets.fr\/app\/produit\/chemise-western-noire\/"},"modified":"2026-05-03T05:22:01","modified_gmt":"2026-05-03T03:22:01","slug":"chemise-western-noire","status":"publish","type":"product","link":"https:\/\/streetmarkets.fr\/app\/produit\/chemise-western-noire\/","title":{"rendered":"Chemise Western Noire"},"content":{"rendered":"<p>Chemise l\u00e9g\u00e8re en voile de coton brod\u00e9.<br \/>\nD\u00e9coupes passepoil\u00e9ees devant et dos.<br \/>\nFinitions des poignets et patte de boutonnage contrast\u00e9es.<\/p>\n<p>C&#8217;est un mod\u00e8le qui taille grand: prendre la taille en dessous lorsque vous h\u00e9sitez entre 2 tailles.<\/p>\n<p>180\u20ac<\/p>\n<p> -10%=162<\/p>\n","protected":false},"excerpt":{"rendered":"<p>Chemise l\u00e9g\u00e8re en voile de coton brod\u00e9. D\u00e9coupes passepoil\u00e9ees devant et dos. Finitions des poignets et patte de boutonnage contrast\u00e9es. C&#8217;est un mod\u00e8le qui taille grand: prendre la taille en dessous lorsque vous h\u00e9sitez entre 2 tailles. 180\u20ac -10%=162<\/p>\n","protected":false},"featured_media":2025357,"comment_status":"open","ping_status":"closed","template":"","meta":[],"product_brand":[1310],"product_cat":[1756,1762],"product_tag":[1813],"acf":[],"_links":{"self":[{"href":"https:\/\/streetmarkets.fr\/app\/wp-json\/wp\/v2\/product\/2025356"}],"collection":[{"href":"https:\/\/streetmarkets.fr\/app\/wp-json\/wp\/v2\/product"}],"about":[{"href":"https:\/\/streetmarkets.fr\/app\/wp-json\/wp\/v2\/types\/product"}],"replies":[{"embeddable":true,"href":"https:\/\/streetmarkets.fr\/app\/wp-json\/wp\/v2\/comments?post=2025356"}],"wp:featuredmedia":[{"embeddable":true,"href":"https:\/\/streetmarkets.fr\/app\/wp-json\/wp\/v2\/media\/2025357"}],"wp:attachment":[{"href":"https:\/\/streetmarkets.fr\/app\/wp-json\/wp\/v2\/media?parent=2025356"}],"wp:term":[{"taxonomy":"product_brand","embeddable":true,"href":"https:\/\/streetmarkets.fr\/app\/wp-json\/wp\/v2\/product_brand?post=2025356"},{"taxonomy":"product_cat","embeddable":true,"href":"https:\/\/streetmarkets.fr\/app\/wp-json\/wp\/v2\/product_cat?post=2025356"},{"taxonomy":"product_tag","embeddable":true,"href":"https:\/\/streetmarkets.fr\/app\/wp-json\/wp\/v2\/product_tag?post=2025356"}],"curies":[{"name":"wp","href":"https:\/\/api.w.org\/{rel}","templated":true}]}}