{"id":2025337,"date":"2025-06-08T05:22:35","date_gmt":"2025-06-08T03:22:35","guid":{"rendered":"https:\/\/streetmarkets.fr\/app\/produit\/robe-hanoi\/"},"modified":"2026-05-08T05:21:46","modified_gmt":"2026-05-08T03:21:46","slug":"robe-hanoi","status":"publish","type":"product","link":"https:\/\/streetmarkets.fr\/app\/produit\/robe-hanoi\/","title":{"rendered":"Robe Hano\u00ef"},"content":{"rendered":"<p>Robe en  jersey de viscose  imprim\u00e9e: mati\u00e8re souple et tr\u00e8s fluide agr\u00e9able lors des fortes chaleurs.<br \/>\nMod\u00e8le \u00e9lastique \u00e0 la taille , peut s&#8217;agr\u00e9menter d&#8217;une jolie ceinture.<\/p>\n<p>198\u20ac<\/p>\n<p> -10%=178\u20ac<\/p>\n","protected":false},"excerpt":{"rendered":"<p>Robe en jersey de viscose imprim\u00e9e: mati\u00e8re souple et tr\u00e8s fluide agr\u00e9able lors des fortes chaleurs. Mod\u00e8le \u00e9lastique \u00e0 la taille , peut s&#8217;agr\u00e9menter d&#8217;une jolie ceinture. 198\u20ac -10%=178\u20ac<\/p>\n","protected":false},"featured_media":2025338,"comment_status":"open","ping_status":"closed","template":"","meta":[],"product_brand":[1310],"product_cat":[1756,1762],"product_tag":[1813],"acf":[],"_links":{"self":[{"href":"https:\/\/streetmarkets.fr\/app\/wp-json\/wp\/v2\/product\/2025337"}],"collection":[{"href":"https:\/\/streetmarkets.fr\/app\/wp-json\/wp\/v2\/product"}],"about":[{"href":"https:\/\/streetmarkets.fr\/app\/wp-json\/wp\/v2\/types\/product"}],"replies":[{"embeddable":true,"href":"https:\/\/streetmarkets.fr\/app\/wp-json\/wp\/v2\/comments?post=2025337"}],"wp:featuredmedia":[{"embeddable":true,"href":"https:\/\/streetmarkets.fr\/app\/wp-json\/wp\/v2\/media\/2025338"}],"wp:attachment":[{"href":"https:\/\/streetmarkets.fr\/app\/wp-json\/wp\/v2\/media?parent=2025337"}],"wp:term":[{"taxonomy":"product_brand","embeddable":true,"href":"https:\/\/streetmarkets.fr\/app\/wp-json\/wp\/v2\/product_brand?post=2025337"},{"taxonomy":"product_cat","embeddable":true,"href":"https:\/\/streetmarkets.fr\/app\/wp-json\/wp\/v2\/product_cat?post=2025337"},{"taxonomy":"product_tag","embeddable":true,"href":"https:\/\/streetmarkets.fr\/app\/wp-json\/wp\/v2\/product_tag?post=2025337"}],"curies":[{"name":"wp","href":"https:\/\/api.w.org\/{rel}","templated":true}]}}