{"id":2019981,"date":"2025-06-08T01:15:20","date_gmt":"2025-06-07T23:15:20","guid":{"rendered":"https:\/\/streetmarkets.fr\/app\/produit\/bloomer-amour-noir\/"},"modified":"2025-11-24T00:16:18","modified_gmt":"2025-11-23T23:16:18","slug":"bloomer-amour-noir","status":"publish","type":"product","link":"https:\/\/streetmarkets.fr\/app\/produit\/bloomer-amour-noir\/","title":{"rendered":"Bloomer Amour &#8211; Noir"},"content":{"rendered":"<p>Jeu de transparence, c\u0153urs en velours paillet\u00e9s et coupe volant\u00e9e: ce mod\u00e8le r\u00e9unit tout ce qu\u2019on aime dans une lingerie f\u00e9minine et joyeuse. L\u00e9ger sur la peau, il flatte les courbes sans serrer et apporte cette touche de fun qui change tout sous une tenue.<br \/>\nC\u00f4t\u00e9 mati\u00e8re, le tulle est issu de fibres recycl\u00e9es certifi\u00e9es GRS et la composition int\u00e8gre du coton biologique. Le maintien est confortable gr\u00e2ce \u00e0 un \u00e9lastique allemand de qualit\u00e9. Design\u00e9e \u00e0 Paris et fabriqu\u00e9e en Hongrie, cette culotte allie style, conscience et jolis d\u00e9tails.<br \/>\n\u00c0 porter au quotidien pour se sentir jolie sans effort, ou pour pimenter une tenue avec une lingerie romantique et assum\u00e9e.<\/p>\n","protected":false},"excerpt":{"rendered":"<p>Jeu de transparence, c\u0153urs en velours paillet\u00e9s et coupe volant\u00e9e: ce mod\u00e8le r\u00e9unit tout ce qu\u2019on aime dans une lingerie f\u00e9minine et joyeuse. L\u00e9ger sur la peau, il flatte les courbes sans serrer et apporte cette touche de fun qui change tout sous une tenue. C\u00f4t\u00e9 mati\u00e8re, le tulle est issu de fibres recycl\u00e9es certifi\u00e9es [&hellip;]<\/p>\n","protected":false},"featured_media":2019982,"comment_status":"open","ping_status":"closed","template":"","meta":[],"product_brand":[],"product_cat":[1756,1762],"product_tag":[1810],"acf":[],"_links":{"self":[{"href":"https:\/\/streetmarkets.fr\/app\/wp-json\/wp\/v2\/product\/2019981"}],"collection":[{"href":"https:\/\/streetmarkets.fr\/app\/wp-json\/wp\/v2\/product"}],"about":[{"href":"https:\/\/streetmarkets.fr\/app\/wp-json\/wp\/v2\/types\/product"}],"replies":[{"embeddable":true,"href":"https:\/\/streetmarkets.fr\/app\/wp-json\/wp\/v2\/comments?post=2019981"}],"wp:featuredmedia":[{"embeddable":true,"href":"https:\/\/streetmarkets.fr\/app\/wp-json\/wp\/v2\/media\/2019982"}],"wp:attachment":[{"href":"https:\/\/streetmarkets.fr\/app\/wp-json\/wp\/v2\/media?parent=2019981"}],"wp:term":[{"taxonomy":"product_brand","embeddable":true,"href":"https:\/\/streetmarkets.fr\/app\/wp-json\/wp\/v2\/product_brand?post=2019981"},{"taxonomy":"product_cat","embeddable":true,"href":"https:\/\/streetmarkets.fr\/app\/wp-json\/wp\/v2\/product_cat?post=2019981"},{"taxonomy":"product_tag","embeddable":true,"href":"https:\/\/streetmarkets.fr\/app\/wp-json\/wp\/v2\/product_tag?post=2019981"}],"curies":[{"name":"wp","href":"https:\/\/api.w.org\/{rel}","templated":true}]}}