{"id":2019424,"date":"2025-06-07T04:12:16","date_gmt":"2025-06-07T02:12:16","guid":{"rendered":"https:\/\/streetmarkets.fr\/app\/produit\/archipel\/"},"modified":"2026-05-03T03:50:34","modified_gmt":"2026-05-03T01:50:34","slug":"archipel","status":"publish","type":"product","link":"https:\/\/streetmarkets.fr\/app\/produit\/archipel\/","title":{"rendered":"Archipel"},"content":{"rendered":"<p><span>Coffret d\u00e9couverte <\/span><\/p>\n<p><span>Contient :<\/span><span><\/span><\/p>\n<ul>\n<li><span>Dsire 5ml<\/span><\/li>\n<li><span>Eccco 5ml<\/span><\/li>\n<li>\n<span>\u00cele Noire 5ml<\/span><span><\/span>\n<\/li>\n<\/ul>\n<p><span>Fabriqu\u00e9 \u00e0 Grasse, France<\/span><\/p>\n<p><span>EPARCHIP<\/span><\/p>\n","protected":false},"excerpt":{"rendered":"<p>Coffret d\u00e9couverte Contient : Dsire 5ml Eccco 5ml \u00cele Noire 5ml Fabriqu\u00e9 \u00e0 Grasse, France EPARCHIP<\/p>\n","protected":false},"featured_media":2019425,"comment_status":"open","ping_status":"closed","template":"","meta":[],"product_brand":[],"product_cat":[1756,1760],"product_tag":[2244,1811],"acf":[],"_links":{"self":[{"href":"https:\/\/streetmarkets.fr\/app\/wp-json\/wp\/v2\/product\/2019424"}],"collection":[{"href":"https:\/\/streetmarkets.fr\/app\/wp-json\/wp\/v2\/product"}],"about":[{"href":"https:\/\/streetmarkets.fr\/app\/wp-json\/wp\/v2\/types\/product"}],"replies":[{"embeddable":true,"href":"https:\/\/streetmarkets.fr\/app\/wp-json\/wp\/v2\/comments?post=2019424"}],"wp:featuredmedia":[{"embeddable":true,"href":"https:\/\/streetmarkets.fr\/app\/wp-json\/wp\/v2\/media\/2019425"}],"wp:attachment":[{"href":"https:\/\/streetmarkets.fr\/app\/wp-json\/wp\/v2\/media?parent=2019424"}],"wp:term":[{"taxonomy":"product_brand","embeddable":true,"href":"https:\/\/streetmarkets.fr\/app\/wp-json\/wp\/v2\/product_brand?post=2019424"},{"taxonomy":"product_cat","embeddable":true,"href":"https:\/\/streetmarkets.fr\/app\/wp-json\/wp\/v2\/product_cat?post=2019424"},{"taxonomy":"product_tag","embeddable":true,"href":"https:\/\/streetmarkets.fr\/app\/wp-json\/wp\/v2\/product_tag?post=2019424"}],"curies":[{"name":"wp","href":"https:\/\/api.w.org\/{rel}","templated":true}]}}