{"id":2014533,"date":"2025-06-07T02:12:17","date_gmt":"2025-06-07T00:12:17","guid":{"rendered":"https:\/\/streetmarkets.fr\/app\/produit\/nouveau-xirena-sweat-pierre-pecan-precommande\/"},"modified":"2025-10-29T01:09:23","modified_gmt":"2025-10-29T00:09:23","slug":"nouveau-xirena-sweat-pierre-pecan-precommande","status":"publish","type":"product","link":"https:\/\/streetmarkets.fr\/app\/produit\/nouveau-xirena-sweat-pierre-pecan-precommande\/","title":{"rendered":"Nouveau ! XIRENA Sweat Pierre Pecan"},"content":{"rendered":"<p data-rte-preserve-empty=\"true\"> Capsule L\u00e9a Summer ! L\u00e9a Meylan For XIRENA<\/p>\n<p data-rte-preserve-empty=\"true\">Sweat en coton coupe ample et droite, encolure arrondie, manches longues et poignets resserr\u00e9s, d\u00e9tail petite broderie Coeur sur le bas du v\u00eatement.<\/p>\n<p data-rte-preserve-empty=\"true\">D\u00e9tail : 100% coton<\/p>\n","protected":false},"excerpt":{"rendered":"<p>Capsule L\u00e9a Summer ! L\u00e9a Meylan For XIRENA Sweat en coton coupe ample et droite, encolure arrondie, manches longues et poignets resserr\u00e9s, d\u00e9tail petite broderie Coeur sur le bas du v\u00eatement. D\u00e9tail : 100% coton<\/p>\n","protected":false},"featured_media":2014534,"comment_status":"open","ping_status":"closed","template":"","meta":[],"product_brand":[],"product_cat":[1756,1762],"product_tag":[2244],"acf":[],"_links":{"self":[{"href":"https:\/\/streetmarkets.fr\/app\/wp-json\/wp\/v2\/product\/2014533"}],"collection":[{"href":"https:\/\/streetmarkets.fr\/app\/wp-json\/wp\/v2\/product"}],"about":[{"href":"https:\/\/streetmarkets.fr\/app\/wp-json\/wp\/v2\/types\/product"}],"replies":[{"embeddable":true,"href":"https:\/\/streetmarkets.fr\/app\/wp-json\/wp\/v2\/comments?post=2014533"}],"wp:featuredmedia":[{"embeddable":true,"href":"https:\/\/streetmarkets.fr\/app\/wp-json\/wp\/v2\/media\/2014534"}],"wp:attachment":[{"href":"https:\/\/streetmarkets.fr\/app\/wp-json\/wp\/v2\/media?parent=2014533"}],"wp:term":[{"taxonomy":"product_brand","embeddable":true,"href":"https:\/\/streetmarkets.fr\/app\/wp-json\/wp\/v2\/product_brand?post=2014533"},{"taxonomy":"product_cat","embeddable":true,"href":"https:\/\/streetmarkets.fr\/app\/wp-json\/wp\/v2\/product_cat?post=2014533"},{"taxonomy":"product_tag","embeddable":true,"href":"https:\/\/streetmarkets.fr\/app\/wp-json\/wp\/v2\/product_tag?post=2014533"}],"curies":[{"name":"wp","href":"https:\/\/api.w.org\/{rel}","templated":true}]}}