{"id":2014503,"date":"2025-06-07T02:12:11","date_gmt":"2025-06-07T00:12:11","guid":{"rendered":"https:\/\/streetmarkets.fr\/app\/produit\/nouveau-xirena-chemise-carol-oysterette-precommande\/"},"modified":"2026-04-22T02:00:39","modified_gmt":"2026-04-22T00:00:39","slug":"nouveau-xirena-chemise-carol-oysterette-precommande","status":"publish","type":"product","link":"https:\/\/streetmarkets.fr\/app\/produit\/nouveau-xirena-chemise-carol-oysterette-precommande\/","title":{"rendered":"XIRENA Chemise Carol Oysterette -50%"},"content":{"rendered":"<p data-rte-preserve-empty=\"true\">Capsule L\u00e9a Summer ! L\u00e9a Meylan For XIRENA<\/p>\n<p data-rte-preserve-empty=\"true\">Chemise en coton coupe ample et droite, manches longues et poignets resserr\u00e9s, deux poches \u00e0 rabats sur le devant. \u00c9galement disponible dans la couleur Cam\u00e9lia.<\/p>\n<p data-rte-preserve-empty=\"true\">D\u00e9tail : 100% coton<\/p>\n","protected":false},"excerpt":{"rendered":"<p>Capsule L\u00e9a Summer ! L\u00e9a Meylan For XIRENA Chemise en coton coupe ample et droite, manches longues et poignets resserr\u00e9s, deux poches \u00e0 rabats sur le devant. \u00c9galement disponible dans la couleur Cam\u00e9lia. D\u00e9tail : 100% coton<\/p>\n","protected":false},"featured_media":2014504,"comment_status":"open","ping_status":"closed","template":"","meta":[],"product_brand":[],"product_cat":[1756,1762],"product_tag":[2244],"acf":[],"_links":{"self":[{"href":"https:\/\/streetmarkets.fr\/app\/wp-json\/wp\/v2\/product\/2014503"}],"collection":[{"href":"https:\/\/streetmarkets.fr\/app\/wp-json\/wp\/v2\/product"}],"about":[{"href":"https:\/\/streetmarkets.fr\/app\/wp-json\/wp\/v2\/types\/product"}],"replies":[{"embeddable":true,"href":"https:\/\/streetmarkets.fr\/app\/wp-json\/wp\/v2\/comments?post=2014503"}],"wp:featuredmedia":[{"embeddable":true,"href":"https:\/\/streetmarkets.fr\/app\/wp-json\/wp\/v2\/media\/2014504"}],"wp:attachment":[{"href":"https:\/\/streetmarkets.fr\/app\/wp-json\/wp\/v2\/media?parent=2014503"}],"wp:term":[{"taxonomy":"product_brand","embeddable":true,"href":"https:\/\/streetmarkets.fr\/app\/wp-json\/wp\/v2\/product_brand?post=2014503"},{"taxonomy":"product_cat","embeddable":true,"href":"https:\/\/streetmarkets.fr\/app\/wp-json\/wp\/v2\/product_cat?post=2014503"},{"taxonomy":"product_tag","embeddable":true,"href":"https:\/\/streetmarkets.fr\/app\/wp-json\/wp\/v2\/product_tag?post=2014503"}],"curies":[{"name":"wp","href":"https:\/\/api.w.org\/{rel}","templated":true}]}}