{"id":2008225,"date":"2025-06-06T02:10:14","date_gmt":"2025-06-06T00:10:14","guid":{"rendered":"https:\/\/streetmarkets.fr\/app\/produit\/sweatshirt-hoodie-racing-s25-femme-chocolat\/"},"modified":"2025-10-02T02:01:07","modified_gmt":"2025-10-02T00:01:07","slug":"sweatshirt-hoodie-racing-s25-femme-chocolat","status":"publish","type":"product","link":"https:\/\/streetmarkets.fr\/app\/produit\/sweatshirt-hoodie-racing-s25-femme-chocolat\/","title":{"rendered":"Sweatshirt Hoodie Racing (S25 \/ FEMME \/ Chocolat)"},"content":{"rendered":"<p>&#8211; Sweatshirt hoodie en coton Femme<br \/>&#8211; Inscription &#8220;Racing&#8221; \u00e0 l&#8217;avant <br \/>&#8211; Capuche <br \/>&#8211; Manches longues <br \/>&#8211; Poche avant <br \/>&#8211; Bords c\u00f4tel\u00e9s <br \/>&#8211; Coupe regular<\/p>\n","protected":false},"excerpt":{"rendered":"<p>&#8211; Sweatshirt hoodie en coton Femme&#8211; Inscription &#8220;Racing&#8221; \u00e0 l&#8217;avant &#8211; Capuche &#8211; Manches longues &#8211; Poche avant &#8211; Bords c\u00f4tel\u00e9s &#8211; Coupe regular<\/p>\n","protected":false},"featured_media":2008226,"comment_status":"open","ping_status":"closed","template":"","meta":[],"product_brand":[6868],"product_cat":[1756,1762],"product_tag":[2244,1811],"acf":[],"_links":{"self":[{"href":"https:\/\/streetmarkets.fr\/app\/wp-json\/wp\/v2\/product\/2008225"}],"collection":[{"href":"https:\/\/streetmarkets.fr\/app\/wp-json\/wp\/v2\/product"}],"about":[{"href":"https:\/\/streetmarkets.fr\/app\/wp-json\/wp\/v2\/types\/product"}],"replies":[{"embeddable":true,"href":"https:\/\/streetmarkets.fr\/app\/wp-json\/wp\/v2\/comments?post=2008225"}],"wp:featuredmedia":[{"embeddable":true,"href":"https:\/\/streetmarkets.fr\/app\/wp-json\/wp\/v2\/media\/2008226"}],"wp:attachment":[{"href":"https:\/\/streetmarkets.fr\/app\/wp-json\/wp\/v2\/media?parent=2008225"}],"wp:term":[{"taxonomy":"product_brand","embeddable":true,"href":"https:\/\/streetmarkets.fr\/app\/wp-json\/wp\/v2\/product_brand?post=2008225"},{"taxonomy":"product_cat","embeddable":true,"href":"https:\/\/streetmarkets.fr\/app\/wp-json\/wp\/v2\/product_cat?post=2008225"},{"taxonomy":"product_tag","embeddable":true,"href":"https:\/\/streetmarkets.fr\/app\/wp-json\/wp\/v2\/product_tag?post=2008225"}],"curies":[{"name":"wp","href":"https:\/\/api.w.org\/{rel}","templated":true}]}}