{"id":2006603,"date":"2025-06-05T06:55:14","date_gmt":"2025-06-05T04:55:14","guid":{"rendered":"https:\/\/streetmarkets.fr\/app\/produit\/f608-knott\/"},"modified":"2026-03-16T05:48:16","modified_gmt":"2026-03-16T04:48:16","slug":"f608-knott","status":"publish","type":"product","link":"https:\/\/streetmarkets.fr\/app\/produit\/f608-knott\/","title":{"rendered":"F608 KNOTT"},"content":{"rendered":"<p dir=\"auto\">D\u00e9couvrez la <strong>pochette F608 Knott<\/strong> de <strong>Freitag<\/strong>, disponible chez Harold, votre boutique de pr\u00eat-\u00e0-porter homme situ\u00e9e dans le quartier du Marais \u00e0 Paris. Cette pochette moyenne est <strong>id\u00e9ale pour organiser vos journ\u00e9es <\/strong>au bureau, vos longs voyages et autres aventures de moyenne envergure.<\/p>\n<p dir=\"auto\">La F608 Knott est fabriqu\u00e9e \u00e0 partir de tissu teint dans la masse en R-PET (PET recycl\u00e9), hydrofuge gr\u00e2ce \u00e0 une impr\u00e9gnation sans PFC et un rev\u00eatement en TPU-R. Son compartiment principal, avec un <strong>espace int\u00e9rieur adapt\u00e9 au format A6<\/strong> et un petit compartiment suppl\u00e9mentaire, offre une organisation optimale pour vos essentiels.<\/p>\n<p dir=\"auto\"><strong>Chaque exemplaire est unique<\/strong> gr\u00e2ce \u00e0 son compartiment ext\u00e9rieur en b\u00e2che de camion usag\u00e9e, ajoutant une <strong>touche distinctive et robuste<\/strong> \u00e0 votre pochette. Un miroir en m\u00e9tal avec un rabat en r\u00e9flecteur de camion est int\u00e9gr\u00e9 pour plus de praticit\u00e9. Une boucle ext\u00e9rieure permet de faire s\u00e9cher un rasoir, une brosse \u00e0 dents, ou de fixer la pochette \u00e0 un crochet.<\/p>\n<p dir=\"auto\"><strong>Con\u00e7ue pour \u00eatre \u00e0 la fois pratique et durable<\/strong>, la <strong>F608 Knott <\/strong>est fabriqu\u00e9e \u00e0 partir de mat\u00e9riaux robustes pour vous accompagner pendant de nombreuses ann\u00e9es. Prenez soin de votre produit Freitag et profitez d&#8217;une amiti\u00e9 durable. Visitez notre boutique Harold pour d\u00e9couvrir cette pochette et d&#8217;autres accessoires tendance.<\/p>\n<ul>\n<li dir=\"auto\">\n<strong>Dimensions :\u00a0 \u00a0<br \/><\/strong>&#8211; Millim\u00e8tres :  <span>300\u00d780\u00d7180 <\/span>(L\u00d7W\u00d7H)<br \/>&#8211; Inch :  <span>11.8\u00d73.1\u00d77.1 <\/span>(L\u00d7W\u00d7H)<\/li>\n<li dir=\"auto\">\n<strong>Poids : <\/strong>195g\u00a0<strong> \u00a0<\/strong>\n<\/li>\n<li dir=\"auto\">\n<strong>Volume : <\/strong>2,5L<\/li>\n<\/ul>\n","protected":false},"excerpt":{"rendered":"<p>D\u00e9couvrez la pochette F608 Knott de Freitag, disponible chez Harold, votre boutique de pr\u00eat-\u00e0-porter homme situ\u00e9e dans le quartier du Marais \u00e0 Paris. Cette pochette moyenne est id\u00e9ale pour organiser vos journ\u00e9es au bureau, vos longs voyages et autres aventures de moyenne envergure. La F608 Knott est fabriqu\u00e9e \u00e0 partir de tissu teint dans la [&hellip;]<\/p>\n","protected":false},"featured_media":2006604,"comment_status":"open","ping_status":"closed","template":"","meta":[],"product_brand":[],"product_cat":[1756,1760],"product_tag":[2244],"acf":[],"_links":{"self":[{"href":"https:\/\/streetmarkets.fr\/app\/wp-json\/wp\/v2\/product\/2006603"}],"collection":[{"href":"https:\/\/streetmarkets.fr\/app\/wp-json\/wp\/v2\/product"}],"about":[{"href":"https:\/\/streetmarkets.fr\/app\/wp-json\/wp\/v2\/types\/product"}],"replies":[{"embeddable":true,"href":"https:\/\/streetmarkets.fr\/app\/wp-json\/wp\/v2\/comments?post=2006603"}],"wp:featuredmedia":[{"embeddable":true,"href":"https:\/\/streetmarkets.fr\/app\/wp-json\/wp\/v2\/media\/2006604"}],"wp:attachment":[{"href":"https:\/\/streetmarkets.fr\/app\/wp-json\/wp\/v2\/media?parent=2006603"}],"wp:term":[{"taxonomy":"product_brand","embeddable":true,"href":"https:\/\/streetmarkets.fr\/app\/wp-json\/wp\/v2\/product_brand?post=2006603"},{"taxonomy":"product_cat","embeddable":true,"href":"https:\/\/streetmarkets.fr\/app\/wp-json\/wp\/v2\/product_cat?post=2006603"},{"taxonomy":"product_tag","embeddable":true,"href":"https:\/\/streetmarkets.fr\/app\/wp-json\/wp\/v2\/product_tag?post=2006603"}],"curies":[{"name":"wp","href":"https:\/\/api.w.org\/{rel}","templated":true}]}}