{"id":2001513,"date":"2025-06-05T01:14:19","date_gmt":"2025-06-04T23:14:19","guid":{"rendered":"https:\/\/streetmarkets.fr\/app\/produit\/foulard-ours-tapenade\/"},"modified":"2025-11-24T00:15:19","modified_gmt":"2025-11-23T23:15:19","slug":"foulard-ours-tapenade","status":"publish","type":"product","link":"https:\/\/streetmarkets.fr\/app\/produit\/foulard-ours-tapenade\/","title":{"rendered":"Foulard Ours &#8211; Tapenade"},"content":{"rendered":"<p>Un foulard en coton l\u00e9ger et respirant, imprim\u00e9 \u00e0 la main selon la technique du block print. La nuance Tapenade, profonde et chaude, se marie avec tout et souligne joliment un jean blanc, une maille \u00e9crue ou une veste noire. Le motif Ours apporte ce petit twist graphique, discret mais plein de caract\u00e8re.<br \/>\nDisponible en deux formats, il s\u2019adapte \u00e0 toutes les envies: petit carr\u00e9 50&#215;50 pour les coiffures et les poignets, grand 100&#215;100 pour un drap\u00e9 confortable autour du cou ou pos\u00e9 sur les \u00e9paules. Les encres v\u00e9g\u00e9tales offrent un rendu vivant et authentique, avec de l\u00e9g\u00e8res variations qui font le charme de l\u2019artisanat.<br \/>\nUne id\u00e9e cadeau responsable et simple \u00e0 offrir: utile, beau, et pens\u00e9 pour durer au quotidien.<\/p>\n","protected":false},"excerpt":{"rendered":"<p>Un foulard en coton l\u00e9ger et respirant, imprim\u00e9 \u00e0 la main selon la technique du block print. La nuance Tapenade, profonde et chaude, se marie avec tout et souligne joliment un jean blanc, une maille \u00e9crue ou une veste noire. Le motif Ours apporte ce petit twist graphique, discret mais plein de caract\u00e8re. Disponible en [&hellip;]<\/p>\n","protected":false},"featured_media":2001514,"comment_status":"open","ping_status":"closed","template":"","meta":[],"product_brand":[],"product_cat":[1756,1764],"product_tag":[1810],"acf":[],"_links":{"self":[{"href":"https:\/\/streetmarkets.fr\/app\/wp-json\/wp\/v2\/product\/2001513"}],"collection":[{"href":"https:\/\/streetmarkets.fr\/app\/wp-json\/wp\/v2\/product"}],"about":[{"href":"https:\/\/streetmarkets.fr\/app\/wp-json\/wp\/v2\/types\/product"}],"replies":[{"embeddable":true,"href":"https:\/\/streetmarkets.fr\/app\/wp-json\/wp\/v2\/comments?post=2001513"}],"wp:featuredmedia":[{"embeddable":true,"href":"https:\/\/streetmarkets.fr\/app\/wp-json\/wp\/v2\/media\/2001514"}],"wp:attachment":[{"href":"https:\/\/streetmarkets.fr\/app\/wp-json\/wp\/v2\/media?parent=2001513"}],"wp:term":[{"taxonomy":"product_brand","embeddable":true,"href":"https:\/\/streetmarkets.fr\/app\/wp-json\/wp\/v2\/product_brand?post=2001513"},{"taxonomy":"product_cat","embeddable":true,"href":"https:\/\/streetmarkets.fr\/app\/wp-json\/wp\/v2\/product_cat?post=2001513"},{"taxonomy":"product_tag","embeddable":true,"href":"https:\/\/streetmarkets.fr\/app\/wp-json\/wp\/v2\/product_tag?post=2001513"}],"curies":[{"name":"wp","href":"https:\/\/api.w.org\/{rel}","templated":true}]}}