{"id":2001506,"date":"2025-06-05T01:14:19","date_gmt":"2025-06-04T23:14:19","guid":{"rendered":"https:\/\/streetmarkets.fr\/app\/produit\/enveloppe-ravi-bloom-bleu-klein\/"},"modified":"2025-11-24T00:15:19","modified_gmt":"2025-11-23T23:15:19","slug":"enveloppe-ravi-bloom-bleu-klein","status":"publish","type":"product","link":"https:\/\/streetmarkets.fr\/app\/produit\/enveloppe-ravi-bloom-bleu-klein\/","title":{"rendered":"Enveloppe ravi Bloom &#8211; Bleu klein"},"content":{"rendered":"<p>Compacte, l\u00e9g\u00e8re et jolie, cette pochette en coton 10 x 14 cm met de l\u2019ordre dans le sac \u00e0 main. \u00c9couteurs, petits bijoux, cartes ou papiers d\u2019identit\u00e9: tout trouve sa place. Son format discret se glisse partout, du tote bag au sac de voyage, pour garder l\u2019essentiel sous la main.<\/p>\n<p>On aime son toucher coton naturel et sa teinte bleu Klein, vive et facile \u00e0 retrouver. Fabriqu\u00e9e \u00e0 la main, elle coche les cases du cadeau utile, durable et \u00e9l\u00e9gant. Et quand il faut la rafra\u00eechir, un passage en machine sur cycle d\u00e9licat suffit.<\/p>\n","protected":false},"excerpt":{"rendered":"<p>Compacte, l\u00e9g\u00e8re et jolie, cette pochette en coton 10 x 14 cm met de l\u2019ordre dans le sac \u00e0 main. \u00c9couteurs, petits bijoux, cartes ou papiers d\u2019identit\u00e9: tout trouve sa place. Son format discret se glisse partout, du tote bag au sac de voyage, pour garder l\u2019essentiel sous la main. On aime son toucher coton [&hellip;]<\/p>\n","protected":false},"featured_media":2001507,"comment_status":"open","ping_status":"closed","template":"","meta":[],"product_brand":[],"product_cat":[1756,1764],"product_tag":[1810],"acf":[],"_links":{"self":[{"href":"https:\/\/streetmarkets.fr\/app\/wp-json\/wp\/v2\/product\/2001506"}],"collection":[{"href":"https:\/\/streetmarkets.fr\/app\/wp-json\/wp\/v2\/product"}],"about":[{"href":"https:\/\/streetmarkets.fr\/app\/wp-json\/wp\/v2\/types\/product"}],"replies":[{"embeddable":true,"href":"https:\/\/streetmarkets.fr\/app\/wp-json\/wp\/v2\/comments?post=2001506"}],"wp:featuredmedia":[{"embeddable":true,"href":"https:\/\/streetmarkets.fr\/app\/wp-json\/wp\/v2\/media\/2001507"}],"wp:attachment":[{"href":"https:\/\/streetmarkets.fr\/app\/wp-json\/wp\/v2\/media?parent=2001506"}],"wp:term":[{"taxonomy":"product_brand","embeddable":true,"href":"https:\/\/streetmarkets.fr\/app\/wp-json\/wp\/v2\/product_brand?post=2001506"},{"taxonomy":"product_cat","embeddable":true,"href":"https:\/\/streetmarkets.fr\/app\/wp-json\/wp\/v2\/product_cat?post=2001506"},{"taxonomy":"product_tag","embeddable":true,"href":"https:\/\/streetmarkets.fr\/app\/wp-json\/wp\/v2\/product_tag?post=2001506"}],"curies":[{"name":"wp","href":"https:\/\/api.w.org\/{rel}","templated":true}]}}