{"id":1996126,"date":"2025-06-03T02:45:53","date_gmt":"2025-06-03T00:45:53","guid":{"rendered":"https:\/\/streetmarkets.fr\/app\/produit\/top-bretelles-levana-s25-femme-ruby-room\/"},"modified":"2025-10-02T02:01:06","modified_gmt":"2025-10-02T00:01:06","slug":"top-bretelles-levana-s25-femme-ruby-room","status":"publish","type":"product","link":"https:\/\/streetmarkets.fr\/app\/produit\/top-bretelles-levana-s25-femme-ruby-room\/","title":{"rendered":"Top Bretelles Levana (S25 \/ FEMME \/ Ruby Room)"},"content":{"rendered":"<p>Ce top en satin de soie se pare d\u2019un imprim\u00e9 fleuri et de bords en dentelle. Ajust\u00e9 et structur\u00e9, il d\u00e9voile des bretelles fines et un d\u00e9collet\u00e9 en V. Associez-le \u00e0 la jupe assortie pour un ensemble sophistiqu\u00e9.<\/p>\n<p>&#8211; Top court en satin de soie Femme<br \/>\n<br \/>&#8211; Imprim\u00e9 fleuri<br \/>\n<br \/>&#8211; D\u00e9collet\u00e9 en V<br \/>\n<br \/>&#8211; Bords en dentelle contrast\u00e9e<br \/>\n<br \/>&#8211; Bretelles fines<br \/>\n<br \/>&#8211; Coupe slim<\/p>\n","protected":false},"excerpt":{"rendered":"<p>Ce top en satin de soie se pare d\u2019un imprim\u00e9 fleuri et de bords en dentelle. Ajust\u00e9 et structur\u00e9, il d\u00e9voile des bretelles fines et un d\u00e9collet\u00e9 en V. Associez-le \u00e0 la jupe assortie pour un ensemble sophistiqu\u00e9. &#8211; Top court en satin de soie Femme &#8211; Imprim\u00e9 fleuri &#8211; D\u00e9collet\u00e9 en V &#8211; Bords [&hellip;]<\/p>\n","protected":false},"featured_media":1996127,"comment_status":"open","ping_status":"closed","template":"","meta":[],"product_brand":[6868],"product_cat":[1756,1762],"product_tag":[2244],"acf":[],"_links":{"self":[{"href":"https:\/\/streetmarkets.fr\/app\/wp-json\/wp\/v2\/product\/1996126"}],"collection":[{"href":"https:\/\/streetmarkets.fr\/app\/wp-json\/wp\/v2\/product"}],"about":[{"href":"https:\/\/streetmarkets.fr\/app\/wp-json\/wp\/v2\/types\/product"}],"replies":[{"embeddable":true,"href":"https:\/\/streetmarkets.fr\/app\/wp-json\/wp\/v2\/comments?post=1996126"}],"wp:featuredmedia":[{"embeddable":true,"href":"https:\/\/streetmarkets.fr\/app\/wp-json\/wp\/v2\/media\/1996127"}],"wp:attachment":[{"href":"https:\/\/streetmarkets.fr\/app\/wp-json\/wp\/v2\/media?parent=1996126"}],"wp:term":[{"taxonomy":"product_brand","embeddable":true,"href":"https:\/\/streetmarkets.fr\/app\/wp-json\/wp\/v2\/product_brand?post=1996126"},{"taxonomy":"product_cat","embeddable":true,"href":"https:\/\/streetmarkets.fr\/app\/wp-json\/wp\/v2\/product_cat?post=1996126"},{"taxonomy":"product_tag","embeddable":true,"href":"https:\/\/streetmarkets.fr\/app\/wp-json\/wp\/v2\/product_tag?post=1996126"}],"curies":[{"name":"wp","href":"https:\/\/api.w.org\/{rel}","templated":true}]}}