{"id":1995737,"date":"2025-06-03T01:40:50","date_gmt":"2025-06-02T23:40:50","guid":{"rendered":"https:\/\/streetmarkets.fr\/app\/produit\/talons-compenses-rose\/"},"modified":"2026-04-10T01:39:42","modified_gmt":"2026-04-09T23:39:42","slug":"talons-compenses-rose","status":"publish","type":"product","link":"https:\/\/streetmarkets.fr\/app\/produit\/talons-compenses-rose\/","title":{"rendered":"TALONS COMPENS\u00c9S ROSE"},"content":{"rendered":"<p>TALONS COMPENS\u00c9S SATIN\u00c9S AVEC UNE ROSE MADE IN ITALY.\u00a0<\/p>\n<p>COMPOSITION<strong> :<\/strong>\u00a0NON INDIQU\u00c9E<\/p>\n<p>TAILLE \u00c9TIQUETTE : 38 1\/2 IT<\/p>\n<p>VOUS POUVEZ VENIR ESSAYER CETTE PI\u00c8CE DANS UNE DE NOS BOUTIQUES SITU\u00c9ES \u00c0 PARIS.\u00a0<\/p>\n<p>HAUTEUR TALON : 11 CM<\/p>\n<p>CONDITIONS : TR\u00c8S BON \u00c9TAT (PETITE T\u00c2CHE SUR UN C\u00d4T\u00c9)<\/p>\n<p>N&#8217;OUBLIEZ PAS QU&#8217;IL S&#8217;AGIT D&#8217;UNE PI\u00c8CE VINTAGE RARE QUI A SOIGNEUSEMENT \u00c9T\u00c9 S\u00c9LECTIONN\u00c9E. LE TEMPS PEUT PARFOIS LAISSER DES PETITS D\u00c9FAUTS, CE QUI REND LA PI\u00c8CE ENCORE PLUS UNIQUE. MERCI DE L&#8217;AIMER TEL QU&#8217;ELLE EST &lt;3<\/p>\n","protected":false},"excerpt":{"rendered":"<p>TALONS COMPENS\u00c9S SATIN\u00c9S AVEC UNE ROSE MADE IN ITALY.\u00a0 COMPOSITION :\u00a0NON INDIQU\u00c9E TAILLE \u00c9TIQUETTE : 38 1\/2 IT VOUS POUVEZ VENIR ESSAYER CETTE PI\u00c8CE DANS UNE DE NOS BOUTIQUES SITU\u00c9ES \u00c0 PARIS.\u00a0 HAUTEUR TALON : 11 CM CONDITIONS : TR\u00c8S BON \u00c9TAT (PETITE T\u00c2CHE SUR UN C\u00d4T\u00c9) N&#8217;OUBLIEZ PAS QU&#8217;IL S&#8217;AGIT D&#8217;UNE PI\u00c8CE VINTAGE RARE [&hellip;]<\/p>\n","protected":false},"featured_media":1995738,"comment_status":"open","ping_status":"closed","template":"","meta":[],"product_brand":[],"product_cat":[1756,1763],"product_tag":[2122],"acf":[],"_links":{"self":[{"href":"https:\/\/streetmarkets.fr\/app\/wp-json\/wp\/v2\/product\/1995737"}],"collection":[{"href":"https:\/\/streetmarkets.fr\/app\/wp-json\/wp\/v2\/product"}],"about":[{"href":"https:\/\/streetmarkets.fr\/app\/wp-json\/wp\/v2\/types\/product"}],"replies":[{"embeddable":true,"href":"https:\/\/streetmarkets.fr\/app\/wp-json\/wp\/v2\/comments?post=1995737"}],"wp:featuredmedia":[{"embeddable":true,"href":"https:\/\/streetmarkets.fr\/app\/wp-json\/wp\/v2\/media\/1995738"}],"wp:attachment":[{"href":"https:\/\/streetmarkets.fr\/app\/wp-json\/wp\/v2\/media?parent=1995737"}],"wp:term":[{"taxonomy":"product_brand","embeddable":true,"href":"https:\/\/streetmarkets.fr\/app\/wp-json\/wp\/v2\/product_brand?post=1995737"},{"taxonomy":"product_cat","embeddable":true,"href":"https:\/\/streetmarkets.fr\/app\/wp-json\/wp\/v2\/product_cat?post=1995737"},{"taxonomy":"product_tag","embeddable":true,"href":"https:\/\/streetmarkets.fr\/app\/wp-json\/wp\/v2\/product_tag?post=1995737"}],"curies":[{"name":"wp","href":"https:\/\/api.w.org\/{rel}","templated":true}]}}