{"id":1984164,"date":"2025-06-01T02:11:43","date_gmt":"2025-06-01T00:11:43","guid":{"rendered":"https:\/\/streetmarkets.fr\/app\/produit\/robe-longue-bretelles-mazal-s25-femme-fuzzy-blue\/"},"modified":"2025-09-27T01:56:41","modified_gmt":"2025-09-26T23:56:41","slug":"robe-longue-bretelles-mazal-s25-femme-fuzzy-blue","status":"publish","type":"product","link":"https:\/\/streetmarkets.fr\/app\/produit\/robe-longue-bretelles-mazal-s25-femme-fuzzy-blue\/","title":{"rendered":"Robe Longue Bretelles Mazal (S25 \/ FEMME \/ Fuzzy Blue)"},"content":{"rendered":"<p>&#8211; Robe longue en satin de soie Femme<br \/>\n<br \/>&#8211; Imprim\u00e9 flout\u00e9<br \/>\n<br \/>&#8211; D\u00e9collet\u00e9 c\u0153ur et fronc\u00e9<br \/>\n<br \/>&#8211; Bretelles fines ajustables<br \/>\n<br \/>&#8211; Jupe fluide et \u00e9vas\u00e9e<br \/>\n<br \/>&#8211; Coupe slim<\/p>\n","protected":false},"excerpt":{"rendered":"<p>&#8211; Robe longue en satin de soie Femme &#8211; Imprim\u00e9 flout\u00e9 &#8211; D\u00e9collet\u00e9 c\u0153ur et fronc\u00e9 &#8211; Bretelles fines ajustables &#8211; Jupe fluide et \u00e9vas\u00e9e &#8211; Coupe slim<\/p>\n","protected":false},"featured_media":1984165,"comment_status":"open","ping_status":"closed","template":"","meta":[],"product_brand":[6868],"product_cat":[1756,1762],"product_tag":[2244],"acf":[],"_links":{"self":[{"href":"https:\/\/streetmarkets.fr\/app\/wp-json\/wp\/v2\/product\/1984164"}],"collection":[{"href":"https:\/\/streetmarkets.fr\/app\/wp-json\/wp\/v2\/product"}],"about":[{"href":"https:\/\/streetmarkets.fr\/app\/wp-json\/wp\/v2\/types\/product"}],"replies":[{"embeddable":true,"href":"https:\/\/streetmarkets.fr\/app\/wp-json\/wp\/v2\/comments?post=1984164"}],"wp:featuredmedia":[{"embeddable":true,"href":"https:\/\/streetmarkets.fr\/app\/wp-json\/wp\/v2\/media\/1984165"}],"wp:attachment":[{"href":"https:\/\/streetmarkets.fr\/app\/wp-json\/wp\/v2\/media?parent=1984164"}],"wp:term":[{"taxonomy":"product_brand","embeddable":true,"href":"https:\/\/streetmarkets.fr\/app\/wp-json\/wp\/v2\/product_brand?post=1984164"},{"taxonomy":"product_cat","embeddable":true,"href":"https:\/\/streetmarkets.fr\/app\/wp-json\/wp\/v2\/product_cat?post=1984164"},{"taxonomy":"product_tag","embeddable":true,"href":"https:\/\/streetmarkets.fr\/app\/wp-json\/wp\/v2\/product_tag?post=1984164"}],"curies":[{"name":"wp","href":"https:\/\/api.w.org\/{rel}","templated":true}]}}