{"id":1984098,"date":"2025-06-01T00:28:01","date_gmt":"2025-05-31T22:28:01","guid":{"rendered":"https:\/\/streetmarkets.fr\/app\/produit\/boutique-alaa-robe-galaxy-longueur-midi-en-maille-laine-bleu-canard-prix-boutique-4000-taille-38\/"},"modified":"2026-05-11T00:26:42","modified_gmt":"2026-05-10T22:26:42","slug":"boutique-alaa-robe-galaxy-longueur-midi-en-maille-laine-bleu-canard-prix-boutique-4000-taille-38","status":"publish","type":"product","link":"https:\/\/streetmarkets.fr\/app\/produit\/boutique-alaa-robe-galaxy-longueur-midi-en-maille-laine-bleu-canard-prix-boutique-4000-taille-38\/","title":{"rendered":"Boutique ALA&Iuml;A Robe GALAXY longueur midi en maille laine bleu canard Prix boutique 4000&euro; Taille 38"},"content":{"rendered":"<p>Magnifique\u00a0robe en laine de la Maison de Couture Parisienne ALA\u00cfA.V\u00eatement de luxe, excellente qualit\u00e9.Prix boutique 4000\u20ac.Ce mod\u00e8le Galaxy est une pi\u00e8ce d&#8217;une qualit\u00e9 exceptionnelle, cette robe est taill\u00e9e dans une laine stretch et confortable.vLa jupe \u00e9vas\u00e9e apporte une touche de f\u00e9minit\u00e9, tandis que le design raffin\u00e9 en\u00a0fait une pi\u00e8ce intemporelle, id\u00e9ale pour des occasions sp\u00e9ciales ou des soir\u00e9es \u00e9l\u00e9gantes.50% laine, 35% viscose, 12% polyamide et 3% elasthanne.Couleur\u00a0bleu\u00a0canard.Coupe \u00e9vas\u00e9e.Manches longues.Etiquet\u00e9e taille italienne 42, convient\u00a0\u00e0 une taille fran\u00e7aise 36 ou 38.Longueur 103cm, Largeur buste\u00a043cm, longueur manche\u00a065cm, largeur taille 33cm.Parfait\u00a0\u00e9tat. La Maison de Couture fran\u00e7aise AZZEDINE ALAIA est fond\u00e9e dans les ann\u00e9es 1980 par le styliste franco-tunisien \u00e9ponyme et sous l&#8217;impulsion de son ami Thierry Mugler.V\u00e9ritable l\u00e9gende dans le milieu de la Couture, Azzedine Alaia est un couturier de g\u00e9nie, dont la formation initiale de sculpteur inspire les courbes gracieuses et sexy de ses robes, toujours au plus pr\u00e8s du corps de la femme qu&#8217;il habille.Ami des plus illustres mannequins comme Iman ou St\u00e9phanie Seymour, certaines souhaitaient conserver les cr\u00e9ations du couturier apr\u00e8s le d\u00e9fil\u00e9 plut\u00f4t que d&#8217;\u00eatre pay\u00e9es.\u00ab Je continue d&#8217;\u00eatre fascin\u00e9 par le corps, tout le corps, et en particulier la chute des reins et le derri\u00e8re, qui est souvent plus int\u00e9ressant que la poitrine.&#8221;www.alaia.fr Je (Elo\u00efse, fondatrice du site) authentifie toutes les pi\u00e8ces. Mon experience dans le luxe et ma passion pour cet univers m&#8217;ont permis d&#8217;acqu\u00e9rir une excellente connaissance des produits.Toutes les pi\u00e8ces transitent par le showroom pour que je puisse en \u00e9valuer l&#8217;authenticit\u00e9. Je prends tout le temps necessaire pour \u00e9tudier la pi\u00e8ce dans les moindres d\u00e9tails et contacte directement les Maisons de Couture si j&#8217;ai le moindre doute.Les pi\u00e8ces proviennent des dressings de particuliers. Je les rach\u00e8te \u00e0 des personnes qui travaillent dans des Maisons de couture parisiennes ou \u00e0 des accros du shopping.Je n\u2019exige pas les certificats d\u2019authenticit\u00e9 et je ne les fournis pas non plus ou rarement.Les certificats ne sont pas d&#8217;une grande utilit\u00e9 car ils sont tr\u00e8s facilement falsifiables, il est beaucoup plus facile de contrefaire une carte qu&#8217;un sac complet et nous noterez par exemple que les contrefa\u00e7ons de sacs de luxe vendues sur ebay ont toutes des certificats d&#8217;authenticit\u00e9.De mani\u00e8re g\u00e9n\u00e9rale, il est tr\u00e8s facile de distinguer une contrefa\u00e7on d&#8217;un produit authentique, les pi\u00e8ces de luxe sont ch\u00e8res car cela co\u00fbte cher de les fabriquer.Il est ais\u00e9 de copier le design mais pour arriver au m\u00eame r\u00e9sultat il faut avoir des mati\u00e8res premi\u00e8res de qualit\u00e9 et le savoir faire qui permet d&#8217;obtenir des finitions proches de la perfection, ce qui n&#8217;est JAMAIS le cas des contrefa\u00e7ons.N&#8217;h\u00e9sitez pas \u00e0 me contacter contact@louiseparis.fr si vous avez des questions, je vous r\u00e9pondrai avec plaisir.Contactez-nous Vos commandes sont exp\u00e9di\u00e9es depuis notre showrooms \u00e0 Paris chaque lundi.Nous proposons deux modes de livraisonsen France:- Colissimo recommand\u00e9 par La Poste en 48h, 10\u20ac.- Retrait de votre commande au showroom \u00e0 Paris, surRENDEZ-VOUS UNIQUEMENT, notre adresse mail pour prendre rdvcontact@louiseparis.fr, gratuit.Nous proposons la livraison\u00e0 l&#8217;Internationalen colissimo recommand\u00e9.- Europe : 20\u20ac- Am\u00e9rique du Nord, Asie, Oc\u00e9anie, Am\u00e9rique centrale et Antille : 25\u20ac- Am\u00e9rique du sud : 30\u20ac. Nous vous recevons sur rendez-vous du lundi au dimanche de 9h \u00e0 21h pour essayer les pi\u00e8ces vendues sur Louise Paris ainsi que les robes de soir\u00e9es \u00e0 la location. Vous pouvez contacter Elo\u00efse par mail \u00e0 contact@louiseparis.fr ou par t\u00e9l\u00e9phone au 06 64 86 08 03 \/ 01 80 06 25 95 pour prendre rendez-vous.<\/p>\n","protected":false},"excerpt":{"rendered":"<p>Magnifique\u00a0robe en laine de la Maison de Couture Parisienne ALA\u00cfA.V\u00eatement de luxe, excellente qualit\u00e9.Prix boutique 4000\u20ac.Ce mod\u00e8le Galaxy est une pi\u00e8ce d&#8217;une qualit\u00e9 exceptionnelle, cette robe est taill\u00e9e dans une laine stretch et confortable.vLa jupe \u00e9vas\u00e9e apporte une touche de f\u00e9minit\u00e9, tandis que le design raffin\u00e9 en\u00a0fait une pi\u00e8ce intemporelle, id\u00e9ale pour des occasions sp\u00e9ciales [&hellip;]<\/p>\n","protected":false},"featured_media":1984099,"comment_status":"open","ping_status":"closed","template":"","meta":[],"product_brand":[],"product_cat":[1756,1762],"product_tag":[2244,2122],"acf":[],"_links":{"self":[{"href":"https:\/\/streetmarkets.fr\/app\/wp-json\/wp\/v2\/product\/1984098"}],"collection":[{"href":"https:\/\/streetmarkets.fr\/app\/wp-json\/wp\/v2\/product"}],"about":[{"href":"https:\/\/streetmarkets.fr\/app\/wp-json\/wp\/v2\/types\/product"}],"replies":[{"embeddable":true,"href":"https:\/\/streetmarkets.fr\/app\/wp-json\/wp\/v2\/comments?post=1984098"}],"wp:featuredmedia":[{"embeddable":true,"href":"https:\/\/streetmarkets.fr\/app\/wp-json\/wp\/v2\/media\/1984099"}],"wp:attachment":[{"href":"https:\/\/streetmarkets.fr\/app\/wp-json\/wp\/v2\/media?parent=1984098"}],"wp:term":[{"taxonomy":"product_brand","embeddable":true,"href":"https:\/\/streetmarkets.fr\/app\/wp-json\/wp\/v2\/product_brand?post=1984098"},{"taxonomy":"product_cat","embeddable":true,"href":"https:\/\/streetmarkets.fr\/app\/wp-json\/wp\/v2\/product_cat?post=1984098"},{"taxonomy":"product_tag","embeddable":true,"href":"https:\/\/streetmarkets.fr\/app\/wp-json\/wp\/v2\/product_tag?post=1984098"}],"curies":[{"name":"wp","href":"https:\/\/api.w.org\/{rel}","templated":true}]}}