{"id":1977852,"date":"2025-05-31T02:14:13","date_gmt":"2025-05-31T00:14:13","guid":{"rendered":"https:\/\/streetmarkets.fr\/app\/produit\/robe-courte-bretelles-billie-s25-femme-sunrise-bouquet\/"},"modified":"2025-10-03T01:45:18","modified_gmt":"2025-10-02T23:45:18","slug":"robe-courte-bretelles-billie-s25-femme-sunrise-bouquet","status":"publish","type":"product","link":"https:\/\/streetmarkets.fr\/app\/produit\/robe-courte-bretelles-billie-s25-femme-sunrise-bouquet\/","title":{"rendered":"Robe Courte Bretelles Billie (S25 \/ FEMME \/ Sunrise Bouquet)"},"content":{"rendered":"<p>&#8211; Robe courte Femme<br \/>\n<br \/>&#8211; Imprim\u00e9 fleuri<br \/>\n<br \/>&#8211; D\u00e9collet\u00e9 arrondi<br \/>\n<br \/>&#8211; Bretelles fines ajustables<br \/>\n<br \/>&#8211; Coupe regular<\/p>\n","protected":false},"excerpt":{"rendered":"<p>&#8211; Robe courte Femme &#8211; Imprim\u00e9 fleuri &#8211; D\u00e9collet\u00e9 arrondi &#8211; Bretelles fines ajustables &#8211; Coupe regular<\/p>\n","protected":false},"featured_media":1977853,"comment_status":"open","ping_status":"closed","template":"","meta":[],"product_brand":[6868],"product_cat":[1756,1762],"product_tag":[2244],"acf":[],"_links":{"self":[{"href":"https:\/\/streetmarkets.fr\/app\/wp-json\/wp\/v2\/product\/1977852"}],"collection":[{"href":"https:\/\/streetmarkets.fr\/app\/wp-json\/wp\/v2\/product"}],"about":[{"href":"https:\/\/streetmarkets.fr\/app\/wp-json\/wp\/v2\/types\/product"}],"replies":[{"embeddable":true,"href":"https:\/\/streetmarkets.fr\/app\/wp-json\/wp\/v2\/comments?post=1977852"}],"wp:featuredmedia":[{"embeddable":true,"href":"https:\/\/streetmarkets.fr\/app\/wp-json\/wp\/v2\/media\/1977853"}],"wp:attachment":[{"href":"https:\/\/streetmarkets.fr\/app\/wp-json\/wp\/v2\/media?parent=1977852"}],"wp:term":[{"taxonomy":"product_brand","embeddable":true,"href":"https:\/\/streetmarkets.fr\/app\/wp-json\/wp\/v2\/product_brand?post=1977852"},{"taxonomy":"product_cat","embeddable":true,"href":"https:\/\/streetmarkets.fr\/app\/wp-json\/wp\/v2\/product_cat?post=1977852"},{"taxonomy":"product_tag","embeddable":true,"href":"https:\/\/streetmarkets.fr\/app\/wp-json\/wp\/v2\/product_tag?post=1977852"}],"curies":[{"name":"wp","href":"https:\/\/api.w.org\/{rel}","templated":true}]}}