{"id":1977831,"date":"2025-05-31T02:14:09","date_gmt":"2025-05-31T00:14:09","guid":{"rendered":"https:\/\/streetmarkets.fr\/app\/produit\/robe-longue-bretelles-romy-s25-femme-garden-romance\/"},"modified":"2025-10-02T02:01:06","modified_gmt":"2025-10-02T00:01:06","slug":"robe-longue-bretelles-romy-s25-femme-garden-romance","status":"publish","type":"product","link":"https:\/\/streetmarkets.fr\/app\/produit\/robe-longue-bretelles-romy-s25-femme-garden-romance\/","title":{"rendered":"Robe Longue Bretelles Romy (S25 \/ FEMME \/ Garden Romance)"},"content":{"rendered":"<p>&#8211; Robe courte en satin de soie Femme<br \/>\n<br \/>&#8211; Imprim\u00e9 fleuri<br \/>\n<br \/>&#8211; Encolure droite \u00e0 bande de dentelle<br \/>\n<br \/>&#8211; Bretelles fines ajustables<br \/>\n<br \/>&#8211; C\u00f4t\u00e9 fronc\u00e9<br \/>\n<br \/>&#8211; Coupe slim<\/p>\n","protected":false},"excerpt":{"rendered":"<p>&#8211; Robe courte en satin de soie Femme &#8211; Imprim\u00e9 fleuri &#8211; Encolure droite \u00e0 bande de dentelle &#8211; Bretelles fines ajustables &#8211; C\u00f4t\u00e9 fronc\u00e9 &#8211; Coupe slim<\/p>\n","protected":false},"featured_media":1977832,"comment_status":"open","ping_status":"closed","template":"","meta":[],"product_brand":[6868],"product_cat":[1756,1762],"product_tag":[2244],"acf":[],"_links":{"self":[{"href":"https:\/\/streetmarkets.fr\/app\/wp-json\/wp\/v2\/product\/1977831"}],"collection":[{"href":"https:\/\/streetmarkets.fr\/app\/wp-json\/wp\/v2\/product"}],"about":[{"href":"https:\/\/streetmarkets.fr\/app\/wp-json\/wp\/v2\/types\/product"}],"replies":[{"embeddable":true,"href":"https:\/\/streetmarkets.fr\/app\/wp-json\/wp\/v2\/comments?post=1977831"}],"wp:featuredmedia":[{"embeddable":true,"href":"https:\/\/streetmarkets.fr\/app\/wp-json\/wp\/v2\/media\/1977832"}],"wp:attachment":[{"href":"https:\/\/streetmarkets.fr\/app\/wp-json\/wp\/v2\/media?parent=1977831"}],"wp:term":[{"taxonomy":"product_brand","embeddable":true,"href":"https:\/\/streetmarkets.fr\/app\/wp-json\/wp\/v2\/product_brand?post=1977831"},{"taxonomy":"product_cat","embeddable":true,"href":"https:\/\/streetmarkets.fr\/app\/wp-json\/wp\/v2\/product_cat?post=1977831"},{"taxonomy":"product_tag","embeddable":true,"href":"https:\/\/streetmarkets.fr\/app\/wp-json\/wp\/v2\/product_tag?post=1977831"}],"curies":[{"name":"wp","href":"https:\/\/api.w.org\/{rel}","templated":true}]}}