{"id":1977817,"date":"2025-05-31T02:14:07","date_gmt":"2025-05-31T00:14:07","guid":{"rendered":"https:\/\/streetmarkets.fr\/app\/produit\/robe-longue-bretelles-lucie-s25-femme-lilas\/"},"modified":"2025-10-02T02:01:06","modified_gmt":"2025-10-02T00:01:06","slug":"robe-longue-bretelles-lucie-s25-femme-lilas","status":"publish","type":"product","link":"https:\/\/streetmarkets.fr\/app\/produit\/robe-longue-bretelles-lucie-s25-femme-lilas\/","title":{"rendered":"Robe Longue Bretelles Lucie (S25 \/ FEMME \/ Lilas)"},"content":{"rendered":"<p>&#8211; Robe longue en satin de soie Femme<br \/>\n<br \/>&#8211; D\u00e9collet\u00e9 fronc\u00e9 en V avec liens \u00e0 nouer<br \/>\n<br \/>&#8211; Bretelles fines ajustables<br \/>\n<br \/>&#8211; Jupe \u00e9vas\u00e9e<br \/>\n<br \/>&#8211; Coupe regular<\/p>\n","protected":false},"excerpt":{"rendered":"<p>&#8211; Robe longue en satin de soie Femme &#8211; D\u00e9collet\u00e9 fronc\u00e9 en V avec liens \u00e0 nouer &#8211; Bretelles fines ajustables &#8211; Jupe \u00e9vas\u00e9e &#8211; Coupe regular<\/p>\n","protected":false},"featured_media":1977818,"comment_status":"open","ping_status":"closed","template":"","meta":[],"product_brand":[6868],"product_cat":[1756,1762],"product_tag":[2244],"acf":[],"_links":{"self":[{"href":"https:\/\/streetmarkets.fr\/app\/wp-json\/wp\/v2\/product\/1977817"}],"collection":[{"href":"https:\/\/streetmarkets.fr\/app\/wp-json\/wp\/v2\/product"}],"about":[{"href":"https:\/\/streetmarkets.fr\/app\/wp-json\/wp\/v2\/types\/product"}],"replies":[{"embeddable":true,"href":"https:\/\/streetmarkets.fr\/app\/wp-json\/wp\/v2\/comments?post=1977817"}],"wp:featuredmedia":[{"embeddable":true,"href":"https:\/\/streetmarkets.fr\/app\/wp-json\/wp\/v2\/media\/1977818"}],"wp:attachment":[{"href":"https:\/\/streetmarkets.fr\/app\/wp-json\/wp\/v2\/media?parent=1977817"}],"wp:term":[{"taxonomy":"product_brand","embeddable":true,"href":"https:\/\/streetmarkets.fr\/app\/wp-json\/wp\/v2\/product_brand?post=1977817"},{"taxonomy":"product_cat","embeddable":true,"href":"https:\/\/streetmarkets.fr\/app\/wp-json\/wp\/v2\/product_cat?post=1977817"},{"taxonomy":"product_tag","embeddable":true,"href":"https:\/\/streetmarkets.fr\/app\/wp-json\/wp\/v2\/product_tag?post=1977817"}],"curies":[{"name":"wp","href":"https:\/\/api.w.org\/{rel}","templated":true}]}}