{"id":1977784,"date":"2025-05-31T02:13:58","date_gmt":"2025-05-31T00:13:58","guid":{"rendered":"https:\/\/streetmarkets.fr\/app\/produit\/robe-longue-asymetrique-rosa-s25-femme-navy-jacquard\/"},"modified":"2025-10-02T02:01:05","modified_gmt":"2025-10-02T00:01:05","slug":"robe-longue-asymetrique-rosa-s25-femme-navy-jacquard","status":"publish","type":"product","link":"https:\/\/streetmarkets.fr\/app\/produit\/robe-longue-asymetrique-rosa-s25-femme-navy-jacquard\/","title":{"rendered":"Robe Longue Asym\u00e9trique Rosa (S25 \/ FEMME \/ Navy Jacquard)"},"content":{"rendered":"<p>&#8211; Robe longue sans manches en satin de soie Femme<br \/>\n<br \/>&#8211; Jacquard imprim\u00e9 fleuri<br \/>\n<br \/>&#8211; Bretelle asym\u00e9trique \u00e0 bijoux<br \/>\n<br \/>&#8211; Taille ajust\u00e9e<br \/>\n<br \/>&#8211; Jupe fendue<br \/>\n<br \/>&#8211; Coupe slim<\/p>\n","protected":false},"excerpt":{"rendered":"<p>&#8211; Robe longue sans manches en satin de soie Femme &#8211; Jacquard imprim\u00e9 fleuri &#8211; Bretelle asym\u00e9trique \u00e0 bijoux &#8211; Taille ajust\u00e9e &#8211; Jupe fendue &#8211; Coupe slim<\/p>\n","protected":false},"featured_media":1977785,"comment_status":"open","ping_status":"closed","template":"","meta":[],"product_brand":[6868],"product_cat":[1756,1762],"product_tag":[2244],"acf":[],"_links":{"self":[{"href":"https:\/\/streetmarkets.fr\/app\/wp-json\/wp\/v2\/product\/1977784"}],"collection":[{"href":"https:\/\/streetmarkets.fr\/app\/wp-json\/wp\/v2\/product"}],"about":[{"href":"https:\/\/streetmarkets.fr\/app\/wp-json\/wp\/v2\/types\/product"}],"replies":[{"embeddable":true,"href":"https:\/\/streetmarkets.fr\/app\/wp-json\/wp\/v2\/comments?post=1977784"}],"wp:featuredmedia":[{"embeddable":true,"href":"https:\/\/streetmarkets.fr\/app\/wp-json\/wp\/v2\/media\/1977785"}],"wp:attachment":[{"href":"https:\/\/streetmarkets.fr\/app\/wp-json\/wp\/v2\/media?parent=1977784"}],"wp:term":[{"taxonomy":"product_brand","embeddable":true,"href":"https:\/\/streetmarkets.fr\/app\/wp-json\/wp\/v2\/product_brand?post=1977784"},{"taxonomy":"product_cat","embeddable":true,"href":"https:\/\/streetmarkets.fr\/app\/wp-json\/wp\/v2\/product_cat?post=1977784"},{"taxonomy":"product_tag","embeddable":true,"href":"https:\/\/streetmarkets.fr\/app\/wp-json\/wp\/v2\/product_tag?post=1977784"}],"curies":[{"name":"wp","href":"https:\/\/api.w.org\/{rel}","templated":true}]}}