{"id":1971472,"date":"2025-05-30T02:10:48","date_gmt":"2025-05-30T00:10:48","guid":{"rendered":"https:\/\/streetmarkets.fr\/app\/produit\/robe-courte-bretelles-simona-s25-femme-chocolat\/"},"modified":"2025-09-27T01:56:42","modified_gmt":"2025-09-26T23:56:42","slug":"robe-courte-bretelles-simona-s25-femme-chocolat","status":"publish","type":"product","link":"https:\/\/streetmarkets.fr\/app\/produit\/robe-courte-bretelles-simona-s25-femme-chocolat\/","title":{"rendered":"Robe Courte Bretelles Simona (S25 \/ FEMME \/ Chocolat)"},"content":{"rendered":"<p>&#8211; Robe courte Femme<br \/>\n<br \/>&#8211; Surpiq\u00fbres<br \/>\n<br \/>&#8211; D\u00e9collet\u00e9 arrondi<br \/>\n<br \/>&#8211; Fermeture \u00e0 boutons nacr\u00e9s<br \/>\n<br \/>&#8211; Bretelles larges<br \/>\n<br \/>&#8211; Coupe slim<\/p>\n","protected":false},"excerpt":{"rendered":"<p>&#8211; Robe courte Femme &#8211; Surpiq\u00fbres &#8211; D\u00e9collet\u00e9 arrondi &#8211; Fermeture \u00e0 boutons nacr\u00e9s &#8211; Bretelles larges &#8211; Coupe slim<\/p>\n","protected":false},"featured_media":1971473,"comment_status":"open","ping_status":"closed","template":"","meta":[],"product_brand":[6868],"product_cat":[1756,1762],"product_tag":[2244,1811],"acf":[],"_links":{"self":[{"href":"https:\/\/streetmarkets.fr\/app\/wp-json\/wp\/v2\/product\/1971472"}],"collection":[{"href":"https:\/\/streetmarkets.fr\/app\/wp-json\/wp\/v2\/product"}],"about":[{"href":"https:\/\/streetmarkets.fr\/app\/wp-json\/wp\/v2\/types\/product"}],"replies":[{"embeddable":true,"href":"https:\/\/streetmarkets.fr\/app\/wp-json\/wp\/v2\/comments?post=1971472"}],"wp:featuredmedia":[{"embeddable":true,"href":"https:\/\/streetmarkets.fr\/app\/wp-json\/wp\/v2\/media\/1971473"}],"wp:attachment":[{"href":"https:\/\/streetmarkets.fr\/app\/wp-json\/wp\/v2\/media?parent=1971472"}],"wp:term":[{"taxonomy":"product_brand","embeddable":true,"href":"https:\/\/streetmarkets.fr\/app\/wp-json\/wp\/v2\/product_brand?post=1971472"},{"taxonomy":"product_cat","embeddable":true,"href":"https:\/\/streetmarkets.fr\/app\/wp-json\/wp\/v2\/product_cat?post=1971472"},{"taxonomy":"product_tag","embeddable":true,"href":"https:\/\/streetmarkets.fr\/app\/wp-json\/wp\/v2\/product_tag?post=1971472"}],"curies":[{"name":"wp","href":"https:\/\/api.w.org\/{rel}","templated":true}]}}