{"id":1969859,"date":"2025-05-29T06:53:04","date_gmt":"2025-05-29T04:53:04","guid":{"rendered":"https:\/\/streetmarkets.fr\/app\/produit\/tim-leather-kiltie-loafer\/"},"modified":"2026-03-16T05:47:44","modified_gmt":"2026-03-16T04:47:44","slug":"tim-leather-kiltie-loafer","status":"publish","type":"product","link":"https:\/\/streetmarkets.fr\/app\/produit\/tim-leather-kiltie-loafer\/","title":{"rendered":"Tim Leather Kiltie Loafer"},"content":{"rendered":"<p dir=\"auto\">D\u00e9couvrez la <strong>Tim Leather Kiltie Loafer<\/strong> de <strong>Selected<\/strong>, disponible chez Harold, votre boutique de pr\u00eat-\u00e0-porter homme situ\u00e9e dans le quartier du Marais \u00e0 Paris. Ces <strong>chaussures en cuir noir<\/strong> sont la pi\u00e8ce id\u00e9ale pour ajouter une touche d&#8217;\u00e9l\u00e9gance et de sophistication \u00e0 vos tenues, alliant <strong>style et confort<\/strong>.<\/p>\n<p dir=\"auto\">La <strong>Tim Leather Kiltie Loafer<\/strong> se distingue par son <strong>design classique <\/strong>et ses <strong>finitions soign\u00e9es<\/strong>. Fabriqu\u00e9e au Portugal, elle est confectionn\u00e9e en <strong>cuir de haute qualit\u00e9<\/strong>, offrant une sensation de douceur et de durabilit\u00e9. Le <strong>d\u00e9tail kiltie<\/strong> ajoute une <strong>touche distinctive et \u00e9l\u00e9gante <\/strong>\u00e0 ces loafers.<\/p>\n<p dir=\"auto\">Portez la Tim Leather Kiltie Loafer avec un costume pour un look formel ou associez-la \u00e0 un jean pour une <strong>allure plus d\u00e9contract\u00e9e<\/strong>. Visitez notre boutique Harold et d\u00e9couvrez ces chaussures, ainsi que d&#8217;autres articles tendance pour compl\u00e9ter votre style.<\/p>\n","protected":false},"excerpt":{"rendered":"<p>D\u00e9couvrez la Tim Leather Kiltie Loafer de Selected, disponible chez Harold, votre boutique de pr\u00eat-\u00e0-porter homme situ\u00e9e dans le quartier du Marais \u00e0 Paris. Ces chaussures en cuir noir sont la pi\u00e8ce id\u00e9ale pour ajouter une touche d&#8217;\u00e9l\u00e9gance et de sophistication \u00e0 vos tenues, alliant style et confort. La Tim Leather Kiltie Loafer se distingue [&hellip;]<\/p>\n","protected":false},"featured_media":1969860,"comment_status":"open","ping_status":"closed","template":"","meta":[],"product_brand":[],"product_cat":[1756,1759],"product_tag":[2244],"acf":[],"_links":{"self":[{"href":"https:\/\/streetmarkets.fr\/app\/wp-json\/wp\/v2\/product\/1969859"}],"collection":[{"href":"https:\/\/streetmarkets.fr\/app\/wp-json\/wp\/v2\/product"}],"about":[{"href":"https:\/\/streetmarkets.fr\/app\/wp-json\/wp\/v2\/types\/product"}],"replies":[{"embeddable":true,"href":"https:\/\/streetmarkets.fr\/app\/wp-json\/wp\/v2\/comments?post=1969859"}],"wp:featuredmedia":[{"embeddable":true,"href":"https:\/\/streetmarkets.fr\/app\/wp-json\/wp\/v2\/media\/1969860"}],"wp:attachment":[{"href":"https:\/\/streetmarkets.fr\/app\/wp-json\/wp\/v2\/media?parent=1969859"}],"wp:term":[{"taxonomy":"product_brand","embeddable":true,"href":"https:\/\/streetmarkets.fr\/app\/wp-json\/wp\/v2\/product_brand?post=1969859"},{"taxonomy":"product_cat","embeddable":true,"href":"https:\/\/streetmarkets.fr\/app\/wp-json\/wp\/v2\/product_cat?post=1969859"},{"taxonomy":"product_tag","embeddable":true,"href":"https:\/\/streetmarkets.fr\/app\/wp-json\/wp\/v2\/product_tag?post=1969859"}],"curies":[{"name":"wp","href":"https:\/\/api.w.org\/{rel}","templated":true}]}}