{"id":1964993,"date":"2025-05-29T01:51:34","date_gmt":"2025-05-28T23:51:34","guid":{"rendered":"https:\/\/streetmarkets.fr\/app\/produit\/bracelet-aina\/"},"modified":"2026-05-16T01:49:37","modified_gmt":"2026-05-15T23:49:37","slug":"bracelet-aina","status":"publish","type":"product","link":"https:\/\/streetmarkets.fr\/app\/produit\/bracelet-aina\/","title":{"rendered":"Bracelet &#8211; Aina"},"content":{"rendered":"<p>Le bracelet Aina est une invitation \u00e0 l\u2019\u00e9quilibre et \u00e0 la s\u00e9r\u00e9nit\u00e9. Compos\u00e9es <span>de labradorites et de tourmalines<\/span>, ensemble, elles forment un duo pour affronter les d\u00e9fis du quotidien avec lucidit\u00e9 et force int\u00e9rieure.<\/p>\n<p>Port\u00e9 au quotidien, il favorise l\u2019intuition, renforce la confiance en soi et aide \u00e0 dissiper les \u00e9nergies mentales dispers\u00e9es.<\/p>\n","protected":false},"excerpt":{"rendered":"<p>Le bracelet Aina est une invitation \u00e0 l\u2019\u00e9quilibre et \u00e0 la s\u00e9r\u00e9nit\u00e9. Compos\u00e9es de labradorites et de tourmalines, ensemble, elles forment un duo pour affronter les d\u00e9fis du quotidien avec lucidit\u00e9 et force int\u00e9rieure. Port\u00e9 au quotidien, il favorise l\u2019intuition, renforce la confiance en soi et aide \u00e0 dissiper les \u00e9nergies mentales dispers\u00e9es.<\/p>\n","protected":false},"featured_media":1964994,"comment_status":"open","ping_status":"closed","template":"","meta":[],"product_brand":[],"product_cat":[1807,1756],"product_tag":[2244],"acf":[],"_links":{"self":[{"href":"https:\/\/streetmarkets.fr\/app\/wp-json\/wp\/v2\/product\/1964993"}],"collection":[{"href":"https:\/\/streetmarkets.fr\/app\/wp-json\/wp\/v2\/product"}],"about":[{"href":"https:\/\/streetmarkets.fr\/app\/wp-json\/wp\/v2\/types\/product"}],"replies":[{"embeddable":true,"href":"https:\/\/streetmarkets.fr\/app\/wp-json\/wp\/v2\/comments?post=1964993"}],"wp:featuredmedia":[{"embeddable":true,"href":"https:\/\/streetmarkets.fr\/app\/wp-json\/wp\/v2\/media\/1964994"}],"wp:attachment":[{"href":"https:\/\/streetmarkets.fr\/app\/wp-json\/wp\/v2\/media?parent=1964993"}],"wp:term":[{"taxonomy":"product_brand","embeddable":true,"href":"https:\/\/streetmarkets.fr\/app\/wp-json\/wp\/v2\/product_brand?post=1964993"},{"taxonomy":"product_cat","embeddable":true,"href":"https:\/\/streetmarkets.fr\/app\/wp-json\/wp\/v2\/product_cat?post=1964993"},{"taxonomy":"product_tag","embeddable":true,"href":"https:\/\/streetmarkets.fr\/app\/wp-json\/wp\/v2\/product_tag?post=1964993"}],"curies":[{"name":"wp","href":"https:\/\/api.w.org\/{rel}","templated":true}]}}