{"id":1958210,"date":"2025-05-28T02:12:34","date_gmt":"2025-05-28T00:12:34","guid":{"rendered":"https:\/\/streetmarkets.fr\/app\/produit\/robe-longue-bretelles-arielle-s25-femme-chocolat\/"},"modified":"2025-10-02T02:01:05","modified_gmt":"2025-10-02T00:01:05","slug":"robe-longue-bretelles-arielle-s25-femme-chocolat","status":"publish","type":"product","link":"https:\/\/streetmarkets.fr\/app\/produit\/robe-longue-bretelles-arielle-s25-femme-chocolat\/","title":{"rendered":"Robe Longue Bretelles Arielle (S25 \/ FEMME \/ Chocolat)"},"content":{"rendered":"<p>&#8211; Robe longue Femme<br \/>\n<br \/>&#8211; D\u00e9collet\u00e9 en V<br \/>\n<br \/>&#8211; Bretelles fines ajustables<br \/>\n<br \/>&#8211; Fermeture zipp\u00e9e sur le c\u00f4t\u00e9<br \/>\n<br \/>&#8211; Coupe slim<\/p>\n","protected":false},"excerpt":{"rendered":"<p>&#8211; Robe longue Femme &#8211; D\u00e9collet\u00e9 en V &#8211; Bretelles fines ajustables &#8211; Fermeture zipp\u00e9e sur le c\u00f4t\u00e9 &#8211; Coupe slim<\/p>\n","protected":false},"featured_media":1958211,"comment_status":"open","ping_status":"closed","template":"","meta":[],"product_brand":[6868],"product_cat":[1756,1762],"product_tag":[2244],"acf":[],"_links":{"self":[{"href":"https:\/\/streetmarkets.fr\/app\/wp-json\/wp\/v2\/product\/1958210"}],"collection":[{"href":"https:\/\/streetmarkets.fr\/app\/wp-json\/wp\/v2\/product"}],"about":[{"href":"https:\/\/streetmarkets.fr\/app\/wp-json\/wp\/v2\/types\/product"}],"replies":[{"embeddable":true,"href":"https:\/\/streetmarkets.fr\/app\/wp-json\/wp\/v2\/comments?post=1958210"}],"wp:featuredmedia":[{"embeddable":true,"href":"https:\/\/streetmarkets.fr\/app\/wp-json\/wp\/v2\/media\/1958211"}],"wp:attachment":[{"href":"https:\/\/streetmarkets.fr\/app\/wp-json\/wp\/v2\/media?parent=1958210"}],"wp:term":[{"taxonomy":"product_brand","embeddable":true,"href":"https:\/\/streetmarkets.fr\/app\/wp-json\/wp\/v2\/product_brand?post=1958210"},{"taxonomy":"product_cat","embeddable":true,"href":"https:\/\/streetmarkets.fr\/app\/wp-json\/wp\/v2\/product_cat?post=1958210"},{"taxonomy":"product_tag","embeddable":true,"href":"https:\/\/streetmarkets.fr\/app\/wp-json\/wp\/v2\/product_tag?post=1958210"}],"curies":[{"name":"wp","href":"https:\/\/api.w.org\/{rel}","templated":true}]}}