{"id":1958200,"date":"2025-05-28T02:12:33","date_gmt":"2025-05-28T00:12:33","guid":{"rendered":"https:\/\/streetmarkets.fr\/app\/produit\/robe-courte-bretelles-salome-s25-femme-ecru\/"},"modified":"2025-10-02T02:01:05","modified_gmt":"2025-10-02T00:01:05","slug":"robe-courte-bretelles-salome-s25-femme-ecru","status":"publish","type":"product","link":"https:\/\/streetmarkets.fr\/app\/produit\/robe-courte-bretelles-salome-s25-femme-ecru\/","title":{"rendered":"Robe Courte Bretelles Salom\u00e9 (S25 \/ FEMME \/ Ecru)"},"content":{"rendered":"<p>&#8211; Robe courte Femme<br \/>\n<br \/>&#8211; Surpiq\u00fbres<br \/>\n<br \/>&#8211; D\u00e9collet\u00e9 rond \u00e0 strass<br \/>\n<br \/>&#8211; Fermeture boutonn\u00e9e<br \/>\n<br \/>&#8211; Bretelles larges<br \/>\n<br \/>&#8211; Coupe slim<\/p>\n","protected":false},"excerpt":{"rendered":"<p>&#8211; Robe courte Femme &#8211; Surpiq\u00fbres &#8211; D\u00e9collet\u00e9 rond \u00e0 strass &#8211; Fermeture boutonn\u00e9e &#8211; Bretelles larges &#8211; Coupe slim<\/p>\n","protected":false},"featured_media":1958201,"comment_status":"open","ping_status":"closed","template":"","meta":[],"product_brand":[6868],"product_cat":[1756,1762],"product_tag":[2244],"acf":[],"_links":{"self":[{"href":"https:\/\/streetmarkets.fr\/app\/wp-json\/wp\/v2\/product\/1958200"}],"collection":[{"href":"https:\/\/streetmarkets.fr\/app\/wp-json\/wp\/v2\/product"}],"about":[{"href":"https:\/\/streetmarkets.fr\/app\/wp-json\/wp\/v2\/types\/product"}],"replies":[{"embeddable":true,"href":"https:\/\/streetmarkets.fr\/app\/wp-json\/wp\/v2\/comments?post=1958200"}],"wp:featuredmedia":[{"embeddable":true,"href":"https:\/\/streetmarkets.fr\/app\/wp-json\/wp\/v2\/media\/1958201"}],"wp:attachment":[{"href":"https:\/\/streetmarkets.fr\/app\/wp-json\/wp\/v2\/media?parent=1958200"}],"wp:term":[{"taxonomy":"product_brand","embeddable":true,"href":"https:\/\/streetmarkets.fr\/app\/wp-json\/wp\/v2\/product_brand?post=1958200"},{"taxonomy":"product_cat","embeddable":true,"href":"https:\/\/streetmarkets.fr\/app\/wp-json\/wp\/v2\/product_cat?post=1958200"},{"taxonomy":"product_tag","embeddable":true,"href":"https:\/\/streetmarkets.fr\/app\/wp-json\/wp\/v2\/product_tag?post=1958200"}],"curies":[{"name":"wp","href":"https:\/\/api.w.org\/{rel}","templated":true}]}}