{"id":1958164,"date":"2025-05-28T01:47:39","date_gmt":"2025-05-27T23:47:39","guid":{"rendered":"https:\/\/streetmarkets.fr\/app\/produit\/jupe-longue-luni-imprime-orange-en-coton-bio\/"},"modified":"2026-05-09T01:44:14","modified_gmt":"2026-05-08T23:44:14","slug":"jupe-longue-luni-imprime-orange-en-coton-bio","status":"publish","type":"product","link":"https:\/\/streetmarkets.fr\/app\/produit\/jupe-longue-luni-imprime-orange-en-coton-bio\/","title":{"rendered":"Jupe longue Luni imprim\u00e9 orange en coton bio"},"content":{"rendered":"<ul>\n<li>jupe longue<\/li>\n<li>motif <strong>g\u00e9om\u00e9trique<\/strong>\n<\/li>\n<li>\u00e9lastique \u00e0 la taille<\/li>\n<li>poches sur les c\u00f4t\u00e9s<\/li>\n<li>volant dans le bas<\/li>\n<li>100% cr\u00eape de <strong>coton<\/strong> <strong>bio\u00a0<\/strong>\n<\/li>\n<li>marque fran\u00e7aise <strong>La Fianc\u00e9e<\/strong>\n<\/li>\n<\/ul>\n<p><strong><br \/><\/strong><\/p>\n","protected":false},"excerpt":{"rendered":"<p>jupe longue motif g\u00e9om\u00e9trique \u00e9lastique \u00e0 la taille poches sur les c\u00f4t\u00e9s volant dans le bas 100% cr\u00eape de coton bio\u00a0 marque fran\u00e7aise La Fianc\u00e9e<\/p>\n","protected":false},"featured_media":1958165,"comment_status":"open","ping_status":"closed","template":"","meta":[],"product_brand":[],"product_cat":[1756,1762],"product_tag":[1810],"acf":[],"_links":{"self":[{"href":"https:\/\/streetmarkets.fr\/app\/wp-json\/wp\/v2\/product\/1958164"}],"collection":[{"href":"https:\/\/streetmarkets.fr\/app\/wp-json\/wp\/v2\/product"}],"about":[{"href":"https:\/\/streetmarkets.fr\/app\/wp-json\/wp\/v2\/types\/product"}],"replies":[{"embeddable":true,"href":"https:\/\/streetmarkets.fr\/app\/wp-json\/wp\/v2\/comments?post=1958164"}],"wp:featuredmedia":[{"embeddable":true,"href":"https:\/\/streetmarkets.fr\/app\/wp-json\/wp\/v2\/media\/1958165"}],"wp:attachment":[{"href":"https:\/\/streetmarkets.fr\/app\/wp-json\/wp\/v2\/media?parent=1958164"}],"wp:term":[{"taxonomy":"product_brand","embeddable":true,"href":"https:\/\/streetmarkets.fr\/app\/wp-json\/wp\/v2\/product_brand?post=1958164"},{"taxonomy":"product_cat","embeddable":true,"href":"https:\/\/streetmarkets.fr\/app\/wp-json\/wp\/v2\/product_cat?post=1958164"},{"taxonomy":"product_tag","embeddable":true,"href":"https:\/\/streetmarkets.fr\/app\/wp-json\/wp\/v2\/product_tag?post=1958164"}],"curies":[{"name":"wp","href":"https:\/\/api.w.org\/{rel}","templated":true}]}}