{"id":1935321,"date":"2025-05-24T01:48:11","date_gmt":"2025-05-23T23:48:11","guid":{"rendered":"https:\/\/streetmarkets.fr\/app\/produit\/short-imprime-bleu-en-ecovero\/"},"modified":"2026-05-09T01:44:14","modified_gmt":"2026-05-08T23:44:14","slug":"short-imprime-bleu-en-ecovero","status":"publish","type":"product","link":"https:\/\/streetmarkets.fr\/app\/produit\/short-imprime-bleu-en-ecovero\/","title":{"rendered":"Short imprim\u00e9 bleu en Ecovero"},"content":{"rendered":"<ul>\n<li>short ou<strong> jupe culotte\u00a0<\/strong>\n<\/li>\n<li>l\u00e9ger et fluide<\/li>\n<li>imprim\u00e9 g\u00e9om\u00e9trique bleu et blanc\u00a0<\/li>\n<li>lien \u00e0 la ceinture<\/li>\n<li>poche \u00e0 l&#8217;arri\u00e8re\u00a0<\/li>\n<li>en &#8220;<strong>Ecovero<\/strong>&#8220;, la viscose <strong>\u00e9cologique<\/strong> de<strong> Lenzing\u00a0<img decoding=\"async\" src=\"https:\/\/cdn.shopify.com\/s\/files\/1\/0365\/8730\/7148\/files\/badge-ecovero_50x50.jpg?v=1589974738\" alt=\"\"><\/strong>\n<\/li>\n<li>marque <strong>Tranquillo<\/strong>\n<\/li>\n<\/ul>\n<p>Tr\u00e8s <strong>confortable<\/strong>, vous adorez porter ce short propos\u00e9 chaque \u00e9t\u00e9 dans des imprim\u00e9s diff\u00e9rents.<\/p>\n<p>\u00a0<span style=\"color: #3c8f3d\"><strong>Attention : choisir une taille au-dessous de votre taille habituelle !<\/strong><\/span><\/p>\n","protected":false},"excerpt":{"rendered":"<p>short ou jupe culotte\u00a0 l\u00e9ger et fluide imprim\u00e9 g\u00e9om\u00e9trique bleu et blanc\u00a0 lien \u00e0 la ceinture poche \u00e0 l&#8217;arri\u00e8re\u00a0 en &#8220;Ecovero&#8220;, la viscose \u00e9cologique de Lenzing\u00a0 marque Tranquillo Tr\u00e8s confortable, vous adorez porter ce short propos\u00e9 chaque \u00e9t\u00e9 dans des imprim\u00e9s diff\u00e9rents. \u00a0Attention : choisir une taille au-dessous de votre taille habituelle !<\/p>\n","protected":false},"featured_media":1935322,"comment_status":"open","ping_status":"closed","template":"","meta":[],"product_brand":[],"product_cat":[1756,1762],"product_tag":[1810],"acf":[],"_links":{"self":[{"href":"https:\/\/streetmarkets.fr\/app\/wp-json\/wp\/v2\/product\/1935321"}],"collection":[{"href":"https:\/\/streetmarkets.fr\/app\/wp-json\/wp\/v2\/product"}],"about":[{"href":"https:\/\/streetmarkets.fr\/app\/wp-json\/wp\/v2\/types\/product"}],"replies":[{"embeddable":true,"href":"https:\/\/streetmarkets.fr\/app\/wp-json\/wp\/v2\/comments?post=1935321"}],"wp:featuredmedia":[{"embeddable":true,"href":"https:\/\/streetmarkets.fr\/app\/wp-json\/wp\/v2\/media\/1935322"}],"wp:attachment":[{"href":"https:\/\/streetmarkets.fr\/app\/wp-json\/wp\/v2\/media?parent=1935321"}],"wp:term":[{"taxonomy":"product_brand","embeddable":true,"href":"https:\/\/streetmarkets.fr\/app\/wp-json\/wp\/v2\/product_brand?post=1935321"},{"taxonomy":"product_cat","embeddable":true,"href":"https:\/\/streetmarkets.fr\/app\/wp-json\/wp\/v2\/product_cat?post=1935321"},{"taxonomy":"product_tag","embeddable":true,"href":"https:\/\/streetmarkets.fr\/app\/wp-json\/wp\/v2\/product_tag?post=1935321"}],"curies":[{"name":"wp","href":"https:\/\/api.w.org\/{rel}","templated":true}]}}