{"id":1935059,"date":"2025-05-24T00:48:37","date_gmt":"2025-05-23T22:48:37","guid":{"rendered":"https:\/\/streetmarkets.fr\/app\/produit\/ciele-casquette-fst-cap-sc-classic-cside-whitaker-s-m\/"},"modified":"2026-05-02T00:49:12","modified_gmt":"2026-05-01T22:49:12","slug":"ciele-casquette-fst-cap-sc-classic-cside-whitaker-s-m","status":"publish","type":"product","link":"https:\/\/streetmarkets.fr\/app\/produit\/ciele-casquette-fst-cap-sc-classic-cside-whitaker-s-m\/","title":{"rendered":"Ciele Casquette FST Cap SC Classic Cside Whitaker"},"content":{"rendered":"<p>Le casquette de running par excellence, vous serez convaincu apr\u00e8s avoir lu les arguments suivants.<br \/>Cette nouvelle version de casquette Field FSTCap offre le confort d&#8217;un bord incurv\u00e9 SOFT et un niveau suppl\u00e9mentaire de r\u00e9spirabilit\u00e9 gr\u00e2ce au textile COOLmatic | PLUS FLOWmesh\u2122 .Utilis\u00e9 sur les panneaux sup\u00e9rieurs et lat\u00e9raux, il reste frais, \u00e9vacue l&#8217;humidit\u00e9 et ne retient pas les odeurs. Un \u00e9lastique permet un ajustement rapide lorsque le vent se l\u00e8ve. Le panneau avant est \u00e9quip\u00e9 du textile ripstop ROCstop, connu pour \u00eatre durable et r\u00e9sistant au soleil avec son indice UPF allant jusqu&#8217;\u00e0 +50.<\/p>\n<p>La taille S\/M \u00e9quivaut \u00e0 56,5cm<\/p>\n","protected":false},"excerpt":{"rendered":"<p>Le casquette de running par excellence, vous serez convaincu apr\u00e8s avoir lu les arguments suivants.Cette nouvelle version de casquette Field FSTCap offre le confort d&#8217;un bord incurv\u00e9 SOFT et un niveau suppl\u00e9mentaire de r\u00e9spirabilit\u00e9 gr\u00e2ce au textile COOLmatic | PLUS FLOWmesh\u2122 .Utilis\u00e9 sur les panneaux sup\u00e9rieurs et lat\u00e9raux, il reste frais, \u00e9vacue l&#8217;humidit\u00e9 et ne [&hellip;]<\/p>\n","protected":false},"featured_media":1935060,"comment_status":"open","ping_status":"closed","template":"","meta":[],"product_brand":[],"product_cat":[1756,1764,1760],"product_tag":[2244,1811],"acf":[],"_links":{"self":[{"href":"https:\/\/streetmarkets.fr\/app\/wp-json\/wp\/v2\/product\/1935059"}],"collection":[{"href":"https:\/\/streetmarkets.fr\/app\/wp-json\/wp\/v2\/product"}],"about":[{"href":"https:\/\/streetmarkets.fr\/app\/wp-json\/wp\/v2\/types\/product"}],"replies":[{"embeddable":true,"href":"https:\/\/streetmarkets.fr\/app\/wp-json\/wp\/v2\/comments?post=1935059"}],"wp:featuredmedia":[{"embeddable":true,"href":"https:\/\/streetmarkets.fr\/app\/wp-json\/wp\/v2\/media\/1935060"}],"wp:attachment":[{"href":"https:\/\/streetmarkets.fr\/app\/wp-json\/wp\/v2\/media?parent=1935059"}],"wp:term":[{"taxonomy":"product_brand","embeddable":true,"href":"https:\/\/streetmarkets.fr\/app\/wp-json\/wp\/v2\/product_brand?post=1935059"},{"taxonomy":"product_cat","embeddable":true,"href":"https:\/\/streetmarkets.fr\/app\/wp-json\/wp\/v2\/product_cat?post=1935059"},{"taxonomy":"product_tag","embeddable":true,"href":"https:\/\/streetmarkets.fr\/app\/wp-json\/wp\/v2\/product_tag?post=1935059"}],"curies":[{"name":"wp","href":"https:\/\/api.w.org\/{rel}","templated":true}]}}