{"id":1935051,"date":"2025-05-23T08:47:47","date_gmt":"2025-05-23T06:47:47","guid":{"rendered":"https:\/\/streetmarkets.fr\/app\/produit\/bracelet-sparkle-amazonite-hanka-in\/"},"modified":"2026-05-05T08:38:31","modified_gmt":"2026-05-05T06:38:31","slug":"bracelet-sparkle-amazonite-hanka-in","status":"publish","type":"product","link":"https:\/\/streetmarkets.fr\/app\/produit\/bracelet-sparkle-amazonite-hanka-in\/","title":{"rendered":"Bracelet sparkle amazonite &#8211; Hanka In"},"content":{"rendered":"<p><strong>. Description<\/strong> : bracelet avec en son centre une pierre rectangulaire en amazonite. Cha\u00eene moderne avec alternance de forme tube et cha\u00eene fine.\u00a0<\/p>\n<p>L&#8217;amazonite a pour propri\u00e9t\u00e9 l&#8217;apaisement et les vertus de tendresse.\u00a0<\/p>\n<p><strong>. Dimensions<\/strong> :<\/p>\n<p>&#8211; Longueur de la chaine :\u00a014,5 cm +3 cm de cha\u00eene de r\u00e9glage\u00a0<\/p>\n<p>&#8211; Dimensions de la pierre : hauteur 0,5 cm \/ largeur 0,7 cm\u00a0<\/p>\n<p><strong>. Composition<\/strong> : laiton dor\u00e9 \u00e0 l&#8217;or fin\u00a0<\/p>\n<p><strong>. Cr\u00e9atrice fran\u00e7aise<\/strong> Hanka In<\/p>\n<p>Les mod\u00e8les sont dessin\u00e9s et fabriqu\u00e9s en France.<\/p>\n","protected":false},"excerpt":{"rendered":"<p>. Description : bracelet avec en son centre une pierre rectangulaire en amazonite. Cha\u00eene moderne avec alternance de forme tube et cha\u00eene fine.\u00a0 L&#8217;amazonite a pour propri\u00e9t\u00e9 l&#8217;apaisement et les vertus de tendresse.\u00a0 . Dimensions : &#8211; Longueur de la chaine :\u00a014,5 cm +3 cm de cha\u00eene de r\u00e9glage\u00a0 &#8211; Dimensions de la pierre : [&hellip;]<\/p>\n","protected":false},"featured_media":1935052,"comment_status":"open","ping_status":"closed","template":"","meta":[],"product_brand":[],"product_cat":[1807,1756],"product_tag":[2244],"acf":[],"_links":{"self":[{"href":"https:\/\/streetmarkets.fr\/app\/wp-json\/wp\/v2\/product\/1935051"}],"collection":[{"href":"https:\/\/streetmarkets.fr\/app\/wp-json\/wp\/v2\/product"}],"about":[{"href":"https:\/\/streetmarkets.fr\/app\/wp-json\/wp\/v2\/types\/product"}],"replies":[{"embeddable":true,"href":"https:\/\/streetmarkets.fr\/app\/wp-json\/wp\/v2\/comments?post=1935051"}],"wp:featuredmedia":[{"embeddable":true,"href":"https:\/\/streetmarkets.fr\/app\/wp-json\/wp\/v2\/media\/1935052"}],"wp:attachment":[{"href":"https:\/\/streetmarkets.fr\/app\/wp-json\/wp\/v2\/media?parent=1935051"}],"wp:term":[{"taxonomy":"product_brand","embeddable":true,"href":"https:\/\/streetmarkets.fr\/app\/wp-json\/wp\/v2\/product_brand?post=1935051"},{"taxonomy":"product_cat","embeddable":true,"href":"https:\/\/streetmarkets.fr\/app\/wp-json\/wp\/v2\/product_cat?post=1935051"},{"taxonomy":"product_tag","embeddable":true,"href":"https:\/\/streetmarkets.fr\/app\/wp-json\/wp\/v2\/product_tag?post=1935051"}],"curies":[{"name":"wp","href":"https:\/\/api.w.org\/{rel}","templated":true}]}}