{"id":1928242,"date":"2025-05-22T06:54:42","date_gmt":"2025-05-22T04:54:42","guid":{"rendered":"https:\/\/streetmarkets.fr\/app\/produit\/ceinture-cuir-de-veau-lisse\/"},"modified":"2026-03-16T05:47:43","modified_gmt":"2026-03-16T04:47:43","slug":"ceinture-cuir-de-veau-lisse","status":"publish","type":"product","link":"https:\/\/streetmarkets.fr\/app\/produit\/ceinture-cuir-de-veau-lisse\/","title":{"rendered":"Ceinture cuir de veau lisse"},"content":{"rendered":"<p class=\"ds-markdown-paragraph\">D\u00e9couvrez cette ceinture fabriqu\u00e9e en<span> <strong>100% <\/strong><\/span><strong>cuir de veau lisse <\/strong>de <strong>Paolo Vitale <\/strong>incarnant\u00a0l\u2019excellence artisanale avec un fini impeccable et une douceur noble au toucher. Son allure \u00e9pur\u00e9e et intemporelle se distingue par une<span>\u00a0<\/span><strong>silhouette structur\u00e9e<\/strong>, parfaite pour sublimer une tenue sophistiqu\u00e9e comme un look d\u00e9contract\u00e9-chic.<\/p>\n<p class=\"ds-markdown-paragraph\">Le<span>\u00a0<\/span><strong>cuir lisse<\/strong>, r\u00e9sistant et patinable, d\u00e9veloppe une patine unique avec le temps, tandis que sa<span>\u00a0<\/span><strong>boucle m\u00e9tallique au design minimaliste<\/strong><span>\u00a0<\/span>(fini bross\u00e9 ou dor\u00e9, selon mod\u00e8le) ajoute une touche de discr\u00e9tion \u00e9l\u00e9gante. Disponible d\u00e8s maintenant chez Harold.<\/p>\n","protected":false},"excerpt":{"rendered":"<p>D\u00e9couvrez cette ceinture fabriqu\u00e9e en 100% cuir de veau lisse de Paolo Vitale incarnant\u00a0l\u2019excellence artisanale avec un fini impeccable et une douceur noble au toucher. Son allure \u00e9pur\u00e9e et intemporelle se distingue par une\u00a0silhouette structur\u00e9e, parfaite pour sublimer une tenue sophistiqu\u00e9e comme un look d\u00e9contract\u00e9-chic. Le\u00a0cuir lisse, r\u00e9sistant et patinable, d\u00e9veloppe une patine unique avec [&hellip;]<\/p>\n","protected":false},"featured_media":1928243,"comment_status":"open","ping_status":"closed","template":"","meta":[],"product_brand":[],"product_cat":[1756,1760],"product_tag":[2244],"acf":[],"_links":{"self":[{"href":"https:\/\/streetmarkets.fr\/app\/wp-json\/wp\/v2\/product\/1928242"}],"collection":[{"href":"https:\/\/streetmarkets.fr\/app\/wp-json\/wp\/v2\/product"}],"about":[{"href":"https:\/\/streetmarkets.fr\/app\/wp-json\/wp\/v2\/types\/product"}],"replies":[{"embeddable":true,"href":"https:\/\/streetmarkets.fr\/app\/wp-json\/wp\/v2\/comments?post=1928242"}],"wp:featuredmedia":[{"embeddable":true,"href":"https:\/\/streetmarkets.fr\/app\/wp-json\/wp\/v2\/media\/1928243"}],"wp:attachment":[{"href":"https:\/\/streetmarkets.fr\/app\/wp-json\/wp\/v2\/media?parent=1928242"}],"wp:term":[{"taxonomy":"product_brand","embeddable":true,"href":"https:\/\/streetmarkets.fr\/app\/wp-json\/wp\/v2\/product_brand?post=1928242"},{"taxonomy":"product_cat","embeddable":true,"href":"https:\/\/streetmarkets.fr\/app\/wp-json\/wp\/v2\/product_cat?post=1928242"},{"taxonomy":"product_tag","embeddable":true,"href":"https:\/\/streetmarkets.fr\/app\/wp-json\/wp\/v2\/product_tag?post=1928242"}],"curies":[{"name":"wp","href":"https:\/\/api.w.org\/{rel}","templated":true}]}}