{"id":1923355,"date":"2025-05-22T02:17:07","date_gmt":"2025-05-22T00:17:07","guid":{"rendered":"https:\/\/streetmarkets.fr\/app\/produit\/short-court-s25-femme-baby-blue\/"},"modified":"2025-10-02T02:01:04","modified_gmt":"2025-10-02T00:01:04","slug":"short-court-s25-femme-baby-blue","status":"publish","type":"product","link":"https:\/\/streetmarkets.fr\/app\/produit\/short-court-s25-femme-baby-blue\/","title":{"rendered":"Short Court (S25 \/ FEMME \/ Baby Blue)"},"content":{"rendered":"<p>&#8211; Short court en coton Femme<br \/>\n<br \/>&#8211; Broderie &#8220;From Future Sports Club Est. 2018&#8221;<br \/>\n<br \/>&#8211; Bords contrast\u00e9s<br \/>\n<br \/>&#8211; Taille \u00e9lastiqu\u00e9e \u00e0 cordons contrast\u00e9s<br \/>\n<br \/>&#8211; 2 poches<br \/>\n<br \/>&#8211; Coupe regular<\/p>\n","protected":false},"excerpt":{"rendered":"<p>&#8211; Short court en coton Femme &#8211; Broderie &#8220;From Future Sports Club Est. 2018&#8221; &#8211; Bords contrast\u00e9s &#8211; Taille \u00e9lastiqu\u00e9e \u00e0 cordons contrast\u00e9s &#8211; 2 poches &#8211; Coupe regular<\/p>\n","protected":false},"featured_media":1923356,"comment_status":"open","ping_status":"closed","template":"","meta":[],"product_brand":[6868],"product_cat":[1756,1762],"product_tag":[2244],"acf":[],"_links":{"self":[{"href":"https:\/\/streetmarkets.fr\/app\/wp-json\/wp\/v2\/product\/1923355"}],"collection":[{"href":"https:\/\/streetmarkets.fr\/app\/wp-json\/wp\/v2\/product"}],"about":[{"href":"https:\/\/streetmarkets.fr\/app\/wp-json\/wp\/v2\/types\/product"}],"replies":[{"embeddable":true,"href":"https:\/\/streetmarkets.fr\/app\/wp-json\/wp\/v2\/comments?post=1923355"}],"wp:featuredmedia":[{"embeddable":true,"href":"https:\/\/streetmarkets.fr\/app\/wp-json\/wp\/v2\/media\/1923356"}],"wp:attachment":[{"href":"https:\/\/streetmarkets.fr\/app\/wp-json\/wp\/v2\/media?parent=1923355"}],"wp:term":[{"taxonomy":"product_brand","embeddable":true,"href":"https:\/\/streetmarkets.fr\/app\/wp-json\/wp\/v2\/product_brand?post=1923355"},{"taxonomy":"product_cat","embeddable":true,"href":"https:\/\/streetmarkets.fr\/app\/wp-json\/wp\/v2\/product_cat?post=1923355"},{"taxonomy":"product_tag","embeddable":true,"href":"https:\/\/streetmarkets.fr\/app\/wp-json\/wp\/v2\/product_tag?post=1923355"}],"curies":[{"name":"wp","href":"https:\/\/api.w.org\/{rel}","templated":true}]}}