{"id":1923326,"date":"2025-05-22T02:17:04","date_gmt":"2025-05-22T00:17:04","guid":{"rendered":"https:\/\/streetmarkets.fr\/app\/produit\/pantalon-large-liam-s25-femme-elctrc-roses-bl\/"},"modified":"2025-10-02T02:01:03","modified_gmt":"2025-10-02T00:01:03","slug":"pantalon-large-liam-s25-femme-elctrc-roses-bl","status":"publish","type":"product","link":"https:\/\/streetmarkets.fr\/app\/produit\/pantalon-large-liam-s25-femme-elctrc-roses-bl\/","title":{"rendered":"Pantalon Large Liam (S25 \/ FEMME \/ Elctrc Roses Bl)"},"content":{"rendered":"<p>&#8211; Pantalon large et long Femme<br \/>\n<br \/>&#8211; Imprim\u00e9 fleuri<br \/>\n<br \/>&#8211; Deux poches<br \/>\n<br \/>&#8211; Taille \u00e9lastiqu\u00e9e<br \/>\n<br \/>&#8211; Coupe regular<\/p>\n","protected":false},"excerpt":{"rendered":"<p>&#8211; Pantalon large et long Femme &#8211; Imprim\u00e9 fleuri &#8211; Deux poches &#8211; Taille \u00e9lastiqu\u00e9e &#8211; Coupe regular<\/p>\n","protected":false},"featured_media":1923327,"comment_status":"open","ping_status":"closed","template":"","meta":[],"product_brand":[6868],"product_cat":[1756,1762],"product_tag":[2244],"acf":[],"_links":{"self":[{"href":"https:\/\/streetmarkets.fr\/app\/wp-json\/wp\/v2\/product\/1923326"}],"collection":[{"href":"https:\/\/streetmarkets.fr\/app\/wp-json\/wp\/v2\/product"}],"about":[{"href":"https:\/\/streetmarkets.fr\/app\/wp-json\/wp\/v2\/types\/product"}],"replies":[{"embeddable":true,"href":"https:\/\/streetmarkets.fr\/app\/wp-json\/wp\/v2\/comments?post=1923326"}],"wp:featuredmedia":[{"embeddable":true,"href":"https:\/\/streetmarkets.fr\/app\/wp-json\/wp\/v2\/media\/1923327"}],"wp:attachment":[{"href":"https:\/\/streetmarkets.fr\/app\/wp-json\/wp\/v2\/media?parent=1923326"}],"wp:term":[{"taxonomy":"product_brand","embeddable":true,"href":"https:\/\/streetmarkets.fr\/app\/wp-json\/wp\/v2\/product_brand?post=1923326"},{"taxonomy":"product_cat","embeddable":true,"href":"https:\/\/streetmarkets.fr\/app\/wp-json\/wp\/v2\/product_cat?post=1923326"},{"taxonomy":"product_tag","embeddable":true,"href":"https:\/\/streetmarkets.fr\/app\/wp-json\/wp\/v2\/product_tag?post=1923326"}],"curies":[{"name":"wp","href":"https:\/\/api.w.org\/{rel}","templated":true}]}}