{"id":1923289,"date":"2025-05-22T02:16:56","date_gmt":"2025-05-22T00:16:56","guid":{"rendered":"https:\/\/streetmarkets.fr\/app\/produit\/robe-courte-manches-courtes-yaelle-s25-femme-navy\/"},"modified":"2025-10-02T02:00:31","modified_gmt":"2025-10-02T00:00:31","slug":"robe-courte-manches-courtes-yaelle-s25-femme-navy","status":"publish","type":"product","link":"https:\/\/streetmarkets.fr\/app\/produit\/robe-courte-manches-courtes-yaelle-s25-femme-navy\/","title":{"rendered":"Robe Courte Manches Courtes Ya\u00eblle (S25 \/ FEMME \/ Navy)"},"content":{"rendered":"<p>&#8211; Robe courte Femme<br \/>\n<br \/>&#8211; Col rond<br \/>\n<br \/>&#8211; Manches courtes<br \/>\n<br \/>&#8211; D\u00e9coupe \u00e0 l&#8217;avant<br \/>\n<br \/>&#8211; Fronc\u00e9e sur la longueur<br \/>\n<br \/>&#8211; Coupe slim<\/p>\n","protected":false},"excerpt":{"rendered":"<p>&#8211; Robe courte Femme &#8211; Col rond &#8211; Manches courtes &#8211; D\u00e9coupe \u00e0 l&#8217;avant &#8211; Fronc\u00e9e sur la longueur &#8211; Coupe slim<\/p>\n","protected":false},"featured_media":1923290,"comment_status":"open","ping_status":"closed","template":"","meta":[],"product_brand":[6868],"product_cat":[1756,1762],"product_tag":[2244],"acf":[],"_links":{"self":[{"href":"https:\/\/streetmarkets.fr\/app\/wp-json\/wp\/v2\/product\/1923289"}],"collection":[{"href":"https:\/\/streetmarkets.fr\/app\/wp-json\/wp\/v2\/product"}],"about":[{"href":"https:\/\/streetmarkets.fr\/app\/wp-json\/wp\/v2\/types\/product"}],"replies":[{"embeddable":true,"href":"https:\/\/streetmarkets.fr\/app\/wp-json\/wp\/v2\/comments?post=1923289"}],"wp:featuredmedia":[{"embeddable":true,"href":"https:\/\/streetmarkets.fr\/app\/wp-json\/wp\/v2\/media\/1923290"}],"wp:attachment":[{"href":"https:\/\/streetmarkets.fr\/app\/wp-json\/wp\/v2\/media?parent=1923289"}],"wp:term":[{"taxonomy":"product_brand","embeddable":true,"href":"https:\/\/streetmarkets.fr\/app\/wp-json\/wp\/v2\/product_brand?post=1923289"},{"taxonomy":"product_cat","embeddable":true,"href":"https:\/\/streetmarkets.fr\/app\/wp-json\/wp\/v2\/product_cat?post=1923289"},{"taxonomy":"product_tag","embeddable":true,"href":"https:\/\/streetmarkets.fr\/app\/wp-json\/wp\/v2\/product_tag?post=1923289"}],"curies":[{"name":"wp","href":"https:\/\/api.w.org\/{rel}","templated":true}]}}