{"id":1923285,"date":"2025-05-22T02:16:40","date_gmt":"2025-05-22T00:16:40","guid":{"rendered":"https:\/\/streetmarkets.fr\/app\/produit\/casquette-a-visiere-courbee-from-future-s25-accessoires-leopard\/"},"modified":"2025-08-15T01:58:03","modified_gmt":"2025-08-14T23:58:03","slug":"casquette-a-visiere-courbee-from-future-s25-accessoires-leopard","status":"publish","type":"product","link":"https:\/\/streetmarkets.fr\/app\/produit\/casquette-a-visiere-courbee-from-future-s25-accessoires-leopard\/","title":{"rendered":"Casquette \u00e0 Visi\u00e8re Courb\u00e9e From Future (S25 \/ ACCESSOIRES \/ Leopard)"},"content":{"rendered":"<p>La casquette brod\u00e9e From Future se r\u00e9invente avec l&#8217;imprim\u00e9 phare de la saison : le l\u00e9opard. Confectionn\u00e9e en coton, elle est munie d&#8217;une visi\u00e8re courb\u00e9e et d&#8217;une sangle ajustable au dos.<\/p>\n<p>&#8211; Casquette en coton<br \/>\n<br \/>&#8211; Imprim\u00e9 l\u00e9opard<br \/>\n<br \/>&#8211; Broderie From Future<br \/>\n<br \/>&#8211; Visi\u00e8re courb\u00e9e<br \/>\n<br \/>&#8211; Sangle ajustable<br \/>\n<br \/>&#8211; Taille unique<\/p>\n","protected":false},"excerpt":{"rendered":"<p>La casquette brod\u00e9e From Future se r\u00e9invente avec l&#8217;imprim\u00e9 phare de la saison : le l\u00e9opard. Confectionn\u00e9e en coton, elle est munie d&#8217;une visi\u00e8re courb\u00e9e et d&#8217;une sangle ajustable au dos. &#8211; Casquette en coton &#8211; Imprim\u00e9 l\u00e9opard &#8211; Broderie From Future &#8211; Visi\u00e8re courb\u00e9e &#8211; Sangle ajustable &#8211; Taille unique<\/p>\n","protected":false},"featured_media":1923286,"comment_status":"open","ping_status":"closed","template":"","meta":[],"product_brand":[6868],"product_cat":[1756,1760],"product_tag":[2244],"acf":[],"_links":{"self":[{"href":"https:\/\/streetmarkets.fr\/app\/wp-json\/wp\/v2\/product\/1923285"}],"collection":[{"href":"https:\/\/streetmarkets.fr\/app\/wp-json\/wp\/v2\/product"}],"about":[{"href":"https:\/\/streetmarkets.fr\/app\/wp-json\/wp\/v2\/types\/product"}],"replies":[{"embeddable":true,"href":"https:\/\/streetmarkets.fr\/app\/wp-json\/wp\/v2\/comments?post=1923285"}],"wp:featuredmedia":[{"embeddable":true,"href":"https:\/\/streetmarkets.fr\/app\/wp-json\/wp\/v2\/media\/1923286"}],"wp:attachment":[{"href":"https:\/\/streetmarkets.fr\/app\/wp-json\/wp\/v2\/media?parent=1923285"}],"wp:term":[{"taxonomy":"product_brand","embeddable":true,"href":"https:\/\/streetmarkets.fr\/app\/wp-json\/wp\/v2\/product_brand?post=1923285"},{"taxonomy":"product_cat","embeddable":true,"href":"https:\/\/streetmarkets.fr\/app\/wp-json\/wp\/v2\/product_cat?post=1923285"},{"taxonomy":"product_tag","embeddable":true,"href":"https:\/\/streetmarkets.fr\/app\/wp-json\/wp\/v2\/product_tag?post=1923285"}],"curies":[{"name":"wp","href":"https:\/\/api.w.org\/{rel}","templated":true}]}}