{"id":1918052,"date":"2025-05-21T00:59:18","date_gmt":"2025-05-20T22:59:18","guid":{"rendered":"https:\/\/streetmarkets.fr\/app\/produit\/porte-cles-sandales-a-paillettes\/"},"modified":"2026-05-13T00:56:04","modified_gmt":"2026-05-12T22:56:04","slug":"porte-cles-sandales-a-paillettes","status":"publish","type":"product","link":"https:\/\/streetmarkets.fr\/app\/produit\/porte-cles-sandales-a-paillettes\/","title":{"rendered":"Porte-cl\u00e9s sandales \u00e0 paillettes"},"content":{"rendered":"<p>Accroche ton trousseau \u00e0 un concentr\u00e9 de good vibes.\u00a0Tu perds toujours tes cl\u00e9s ? Pas de panique : Mathilde a la solution (et le style). Ce porte-cl\u00e9s est bien plus qu\u2019un accessoire : c\u2019est une d\u00e9claration d\u2019amour \u00e0 ton sac \u00e0 main, \u00e0 ton jean, ou \u00e0 ton scooter. Color\u00e9, rigolo, et toujours dans la veine feel good de Mathilde Cabanas, il te suit partout et fait sourire les gens au passage.<\/p>\n<p style=\"text-align: left\"><span>D\u00c9TAILS<\/span><\/p>\n<ul>\n<li>Porte-cl\u00e9s en acrylique<\/li>\n<li>Impression recto verso<\/li>\n<li>Design fun &amp; color\u00e9 (signature Mathilde Cabanas \ud83d\udc8b)<\/li>\n<li>Dimensions : environ 6 x 5 cm (selon mod\u00e8le)<\/li>\n<li>Anneau m\u00e9tallique solide<\/li>\n<li>Fabriqu\u00e9 en France<\/li>\n<\/ul>\n<p>LE CONSEIL D&#8217;ASTRID<\/p>\n<p>Fixe-le \u00e0 la fermeture \u00e9clair de ton sac pour upgrader ton look en une seconde chrono.<\/p>\n<p style=\"text-align: left\"><span>LA MARQUE<\/span><\/p>\n<p style=\"text-align: left\">&#8211; Un arc-en-ciel de style et de bonne humeur &#8211;<\/p>\n<p style=\"text-align: left\">Mathilde Cabanas est une marque fran\u00e7aise joyeuse, c\u00e9l\u00e8bre pour ses illustrations color\u00e9es et son slogan embl\u00e9matique &#8220;Bisou&#8221;. Elle propose des produits ludiques et d\u00e9contract\u00e9s, allant des accessoires \u00e0 la papeterie, pour ajouter de la bonne humeur au quotidien.<\/p>\n","protected":false},"excerpt":{"rendered":"<p>Accroche ton trousseau \u00e0 un concentr\u00e9 de good vibes.\u00a0Tu perds toujours tes cl\u00e9s ? Pas de panique : Mathilde a la solution (et le style). Ce porte-cl\u00e9s est bien plus qu\u2019un accessoire : c\u2019est une d\u00e9claration d\u2019amour \u00e0 ton sac \u00e0 main, \u00e0 ton jean, ou \u00e0 ton scooter. Color\u00e9, rigolo, et toujours dans la [&hellip;]<\/p>\n","protected":false},"featured_media":1918053,"comment_status":"open","ping_status":"closed","template":"","meta":[],"product_brand":[],"product_cat":[1756,1764],"product_tag":[1813],"acf":[],"_links":{"self":[{"href":"https:\/\/streetmarkets.fr\/app\/wp-json\/wp\/v2\/product\/1918052"}],"collection":[{"href":"https:\/\/streetmarkets.fr\/app\/wp-json\/wp\/v2\/product"}],"about":[{"href":"https:\/\/streetmarkets.fr\/app\/wp-json\/wp\/v2\/types\/product"}],"replies":[{"embeddable":true,"href":"https:\/\/streetmarkets.fr\/app\/wp-json\/wp\/v2\/comments?post=1918052"}],"wp:featuredmedia":[{"embeddable":true,"href":"https:\/\/streetmarkets.fr\/app\/wp-json\/wp\/v2\/media\/1918053"}],"wp:attachment":[{"href":"https:\/\/streetmarkets.fr\/app\/wp-json\/wp\/v2\/media?parent=1918052"}],"wp:term":[{"taxonomy":"product_brand","embeddable":true,"href":"https:\/\/streetmarkets.fr\/app\/wp-json\/wp\/v2\/product_brand?post=1918052"},{"taxonomy":"product_cat","embeddable":true,"href":"https:\/\/streetmarkets.fr\/app\/wp-json\/wp\/v2\/product_cat?post=1918052"},{"taxonomy":"product_tag","embeddable":true,"href":"https:\/\/streetmarkets.fr\/app\/wp-json\/wp\/v2\/product_tag?post=1918052"}],"curies":[{"name":"wp","href":"https:\/\/api.w.org\/{rel}","templated":true}]}}