{"id":1912903,"date":"2025-05-19T06:54:04","date_gmt":"2025-05-19T04:54:04","guid":{"rendered":"https:\/\/streetmarkets.fr\/app\/produit\/ceinture-legee\/"},"modified":"2026-03-16T05:47:43","modified_gmt":"2026-03-16T04:47:43","slug":"ceinture-legee","status":"publish","type":"product","link":"https:\/\/streetmarkets.fr\/app\/produit\/ceinture-legee\/","title":{"rendered":"Ceinture L&#8217;\u00c9g\u00e9e"},"content":{"rendered":"<p dir=\"auto\">Sublimez vos tenues avec la <strong>ceinture l&#8217;\u00c9g\u00e9e de la Ceinture du Marin<\/strong>, un accessoire unique et tendance. Inspir\u00e9e des <strong>n\u0153uds marins<\/strong>, cette ceinture en corde de bateau apporte une touche d&#8217;originalit\u00e9 et de caract\u00e8re \u00e0 votre look. Disponible en <strong>blanc \u00e9l\u00e9gant avec des bouts rouges ou bleus au choix<\/strong>, et un diam\u00e8tre de <strong>10 mm<\/strong>, elle s&#8217;adapte \u00e0 toutes vos envies et styles.<\/p>\n<p dir=\"auto\">La <strong>bague en cuivre grav\u00e9e au laser<\/strong> et la <strong>surliure marine<\/strong> ajoutent une note d&#8217;authenticit\u00e9 et de raffinement. Enti\u00e8rement fa\u00e7onn\u00e9e avec du <strong>cordage marin<\/strong> et dot\u00e9e de <strong>finitions faites \u00e0 la main<\/strong>, cette ceinture est un v\u00e9ritable gage de qualit\u00e9.<\/p>\n<p dir=\"auto\">Que vous la portiez avec un pantalon d\u00e9contract\u00e9 ou une tenue plus habill\u00e9e, la ceinture Atlantique ajoutera une note estivale et \u00e9l\u00e9gante \u00e0 votre garde-robe. D\u00e9couvrez cette cr\u00e9ation sign\u00e9e <strong>La Ceinture du Marin chez Harold Paris<\/strong>, votre r\u00e9f\u00e9rence multi-marque en accessoires masculins, s\u00e9lectionn\u00e9s avec exigence et passion. Une pi\u00e8ce incontournable pour ceux qui aiment se d\u00e9marquer avec style, <strong>Made in France<\/strong>.<\/p>\n","protected":false},"excerpt":{"rendered":"<p>Sublimez vos tenues avec la ceinture l&#8217;\u00c9g\u00e9e de la Ceinture du Marin, un accessoire unique et tendance. Inspir\u00e9e des n\u0153uds marins, cette ceinture en corde de bateau apporte une touche d&#8217;originalit\u00e9 et de caract\u00e8re \u00e0 votre look. Disponible en blanc \u00e9l\u00e9gant avec des bouts rouges ou bleus au choix, et un diam\u00e8tre de 10 mm, [&hellip;]<\/p>\n","protected":false},"featured_media":1912904,"comment_status":"open","ping_status":"closed","template":"","meta":[],"product_brand":[],"product_cat":[1756,1760],"product_tag":[2244],"acf":[],"_links":{"self":[{"href":"https:\/\/streetmarkets.fr\/app\/wp-json\/wp\/v2\/product\/1912903"}],"collection":[{"href":"https:\/\/streetmarkets.fr\/app\/wp-json\/wp\/v2\/product"}],"about":[{"href":"https:\/\/streetmarkets.fr\/app\/wp-json\/wp\/v2\/types\/product"}],"replies":[{"embeddable":true,"href":"https:\/\/streetmarkets.fr\/app\/wp-json\/wp\/v2\/comments?post=1912903"}],"wp:featuredmedia":[{"embeddable":true,"href":"https:\/\/streetmarkets.fr\/app\/wp-json\/wp\/v2\/media\/1912904"}],"wp:attachment":[{"href":"https:\/\/streetmarkets.fr\/app\/wp-json\/wp\/v2\/media?parent=1912903"}],"wp:term":[{"taxonomy":"product_brand","embeddable":true,"href":"https:\/\/streetmarkets.fr\/app\/wp-json\/wp\/v2\/product_brand?post=1912903"},{"taxonomy":"product_cat","embeddable":true,"href":"https:\/\/streetmarkets.fr\/app\/wp-json\/wp\/v2\/product_cat?post=1912903"},{"taxonomy":"product_tag","embeddable":true,"href":"https:\/\/streetmarkets.fr\/app\/wp-json\/wp\/v2\/product_tag?post=1912903"}],"curies":[{"name":"wp","href":"https:\/\/api.w.org\/{rel}","templated":true}]}}