{"id":1912891,"date":"2025-05-19T06:54:02","date_gmt":"2025-05-19T04:54:02","guid":{"rendered":"https:\/\/streetmarkets.fr\/app\/produit\/calle-leather-belt-2\/"},"modified":"2026-03-16T05:47:43","modified_gmt":"2026-03-16T04:47:43","slug":"calle-leather-belt-2","status":"publish","type":"product","link":"https:\/\/streetmarkets.fr\/app\/produit\/calle-leather-belt-2\/","title":{"rendered":"Calle Leather Belt"},"content":{"rendered":"<p class=\"ds-markdown-paragraph\">La<span>\u00a0<\/span><strong>ceinture Calle Leather Belt<\/strong><span>\u00a0<\/span>est fabriqu\u00e9e en<span>\u00a0<strong>100%\u00a0<\/strong><\/span><strong>cuir<\/strong>\u00a0garantissant<span>\u00a0<\/span><strong>r\u00e9sistance et durabilit\u00e9<\/strong>. Sa<span>\u00a0<\/span><strong>boucle ardillon en m\u00e9tal<\/strong><span>\u00a0<\/span>permet un<span>\u00a0<\/span><strong>r\u00e9glage pr\u00e9cis<\/strong><span>\u00a0<\/span>pour un<span>\u00a0<\/span><strong>ajustement optimal<\/strong>.<\/p>\n<p class=\"ds-markdown-paragraph\">Disponible en<span>\u00a0<\/span><strong>deux coloris, noir et vert<\/strong>, cette ceinture s\u2019associe facilement \u00e0<span>\u00a0<\/span><strong>diff\u00e9rents styles<\/strong>, du jean au pantalon plus habill\u00e9. Disponible d\u00e8s maintenant chez Harold.<\/p>\n","protected":false},"excerpt":{"rendered":"<p>La\u00a0ceinture Calle Leather Belt\u00a0est fabriqu\u00e9e en\u00a0100%\u00a0cuir\u00a0garantissant\u00a0r\u00e9sistance et durabilit\u00e9. Sa\u00a0boucle ardillon en m\u00e9tal\u00a0permet un\u00a0r\u00e9glage pr\u00e9cis\u00a0pour un\u00a0ajustement optimal. Disponible en\u00a0deux coloris, noir et vert, cette ceinture s\u2019associe facilement \u00e0\u00a0diff\u00e9rents styles, du jean au pantalon plus habill\u00e9. Disponible d\u00e8s maintenant chez Harold.<\/p>\n","protected":false},"featured_media":1912892,"comment_status":"open","ping_status":"closed","template":"","meta":[],"product_brand":[],"product_cat":[1756,1760],"product_tag":[2244],"acf":[],"_links":{"self":[{"href":"https:\/\/streetmarkets.fr\/app\/wp-json\/wp\/v2\/product\/1912891"}],"collection":[{"href":"https:\/\/streetmarkets.fr\/app\/wp-json\/wp\/v2\/product"}],"about":[{"href":"https:\/\/streetmarkets.fr\/app\/wp-json\/wp\/v2\/types\/product"}],"replies":[{"embeddable":true,"href":"https:\/\/streetmarkets.fr\/app\/wp-json\/wp\/v2\/comments?post=1912891"}],"wp:featuredmedia":[{"embeddable":true,"href":"https:\/\/streetmarkets.fr\/app\/wp-json\/wp\/v2\/media\/1912892"}],"wp:attachment":[{"href":"https:\/\/streetmarkets.fr\/app\/wp-json\/wp\/v2\/media?parent=1912891"}],"wp:term":[{"taxonomy":"product_brand","embeddable":true,"href":"https:\/\/streetmarkets.fr\/app\/wp-json\/wp\/v2\/product_brand?post=1912891"},{"taxonomy":"product_cat","embeddable":true,"href":"https:\/\/streetmarkets.fr\/app\/wp-json\/wp\/v2\/product_cat?post=1912891"},{"taxonomy":"product_tag","embeddable":true,"href":"https:\/\/streetmarkets.fr\/app\/wp-json\/wp\/v2\/product_tag?post=1912891"}],"curies":[{"name":"wp","href":"https:\/\/api.w.org\/{rel}","templated":true}]}}