{"id":1912880,"date":"2025-05-19T06:54:00","date_gmt":"2025-05-19T04:54:00","guid":{"rendered":"https:\/\/streetmarkets.fr\/app\/produit\/ceinture-tubulaire\/"},"modified":"2026-03-16T05:47:42","modified_gmt":"2026-03-16T04:47:42","slug":"ceinture-tubulaire","status":"publish","type":"product","link":"https:\/\/streetmarkets.fr\/app\/produit\/ceinture-tubulaire\/","title":{"rendered":"Ceinture Textile Tress\u00e9e"},"content":{"rendered":"<p dir=\"auto\">D\u00e9couvrez la <strong>ceinture Textile Tress\u00e9e <\/strong>tubulaire de la marque<strong> Athison<\/strong>, un accessoire polyvalent et styl\u00e9. Propos\u00e9e en <strong>khaki et bleu<\/strong>, cette ceinture s&#8217;harmonise parfaitement avec toutes vos tenues, du look d\u00e9contract\u00e9 \u00e0 l&#8217;ensemble plus habill\u00e9.<\/p>\n<p dir=\"auto\">Id\u00e9ale pour ajouter une touche d&#8217;\u00e9l\u00e9gance et de caract\u00e8re \u00e0 votre garde-robe, cette ceinture est un must-have. Retrouvez cette cr\u00e9ation sign\u00e9e <strong>Athison chez Harold Paris<\/strong>, votre destination de choix pour des accessoires masculins de qualit\u00e9, s\u00e9lectionn\u00e9s avec soin et passion. Parfaite pour ceux qui souhaitent allier style et praticit\u00e9.<\/p>\n","protected":false},"excerpt":{"rendered":"<p>D\u00e9couvrez la ceinture Textile Tress\u00e9e tubulaire de la marque Athison, un accessoire polyvalent et styl\u00e9. Propos\u00e9e en khaki et bleu, cette ceinture s&#8217;harmonise parfaitement avec toutes vos tenues, du look d\u00e9contract\u00e9 \u00e0 l&#8217;ensemble plus habill\u00e9. Id\u00e9ale pour ajouter une touche d&#8217;\u00e9l\u00e9gance et de caract\u00e8re \u00e0 votre garde-robe, cette ceinture est un must-have. Retrouvez cette cr\u00e9ation [&hellip;]<\/p>\n","protected":false},"featured_media":1912881,"comment_status":"open","ping_status":"closed","template":"","meta":[],"product_brand":[],"product_cat":[1756,1760],"product_tag":[2244],"acf":[],"_links":{"self":[{"href":"https:\/\/streetmarkets.fr\/app\/wp-json\/wp\/v2\/product\/1912880"}],"collection":[{"href":"https:\/\/streetmarkets.fr\/app\/wp-json\/wp\/v2\/product"}],"about":[{"href":"https:\/\/streetmarkets.fr\/app\/wp-json\/wp\/v2\/types\/product"}],"replies":[{"embeddable":true,"href":"https:\/\/streetmarkets.fr\/app\/wp-json\/wp\/v2\/comments?post=1912880"}],"wp:featuredmedia":[{"embeddable":true,"href":"https:\/\/streetmarkets.fr\/app\/wp-json\/wp\/v2\/media\/1912881"}],"wp:attachment":[{"href":"https:\/\/streetmarkets.fr\/app\/wp-json\/wp\/v2\/media?parent=1912880"}],"wp:term":[{"taxonomy":"product_brand","embeddable":true,"href":"https:\/\/streetmarkets.fr\/app\/wp-json\/wp\/v2\/product_brand?post=1912880"},{"taxonomy":"product_cat","embeddable":true,"href":"https:\/\/streetmarkets.fr\/app\/wp-json\/wp\/v2\/product_cat?post=1912880"},{"taxonomy":"product_tag","embeddable":true,"href":"https:\/\/streetmarkets.fr\/app\/wp-json\/wp\/v2\/product_tag?post=1912880"}],"curies":[{"name":"wp","href":"https:\/\/api.w.org\/{rel}","templated":true}]}}