{"id":1897072,"date":"2025-05-17T02:10:19","date_gmt":"2025-05-17T00:10:19","guid":{"rendered":"https:\/\/streetmarkets.fr\/app\/produit\/nouveau-mother-jean-the-weekender-fray-glow-up-precommande\/"},"modified":"2026-05-09T01:59:40","modified_gmt":"2026-05-08T23:59:40","slug":"nouveau-mother-jean-the-weekender-fray-glow-up-precommande","status":"publish","type":"product","link":"https:\/\/streetmarkets.fr\/app\/produit\/nouveau-mother-jean-the-weekender-fray-glow-up-precommande\/","title":{"rendered":"MOTHER Jean The Weekender Fray Glow Up -60%"},"content":{"rendered":"<p data-rte-preserve-empty=\"true\">Le jean Weekender Fray dans le wash Glow Up, la coupe best of de la marque, taille haute, bootcut ( l\u00e9g\u00e8rement trompette dans le bas pour \u00e9tirer la silhouette ), bords francs, coton stretch hyper souple et confortable.<\/p>\n<p data-rte-preserve-empty=\"true\">D\u00e9tail : 96% coton, 3% polyesther, 1% \u00e9lasthanne<\/p>\n<p data-rte-preserve-empty=\"true\">Fabriqu\u00e9 \u00e0 Los Angeles<\/p>\n","protected":false},"excerpt":{"rendered":"<p>Le jean Weekender Fray dans le wash Glow Up, la coupe best of de la marque, taille haute, bootcut ( l\u00e9g\u00e8rement trompette dans le bas pour \u00e9tirer la silhouette ), bords francs, coton stretch hyper souple et confortable. D\u00e9tail : 96% coton, 3% polyesther, 1% \u00e9lasthanne Fabriqu\u00e9 \u00e0 Los Angeles<\/p>\n","protected":false},"featured_media":1897073,"comment_status":"open","ping_status":"closed","template":"","meta":[],"product_brand":[],"product_cat":[1756,1762],"product_tag":[2244],"acf":[],"_links":{"self":[{"href":"https:\/\/streetmarkets.fr\/app\/wp-json\/wp\/v2\/product\/1897072"}],"collection":[{"href":"https:\/\/streetmarkets.fr\/app\/wp-json\/wp\/v2\/product"}],"about":[{"href":"https:\/\/streetmarkets.fr\/app\/wp-json\/wp\/v2\/types\/product"}],"replies":[{"embeddable":true,"href":"https:\/\/streetmarkets.fr\/app\/wp-json\/wp\/v2\/comments?post=1897072"}],"wp:featuredmedia":[{"embeddable":true,"href":"https:\/\/streetmarkets.fr\/app\/wp-json\/wp\/v2\/media\/1897073"}],"wp:attachment":[{"href":"https:\/\/streetmarkets.fr\/app\/wp-json\/wp\/v2\/media?parent=1897072"}],"wp:term":[{"taxonomy":"product_brand","embeddable":true,"href":"https:\/\/streetmarkets.fr\/app\/wp-json\/wp\/v2\/product_brand?post=1897072"},{"taxonomy":"product_cat","embeddable":true,"href":"https:\/\/streetmarkets.fr\/app\/wp-json\/wp\/v2\/product_cat?post=1897072"},{"taxonomy":"product_tag","embeddable":true,"href":"https:\/\/streetmarkets.fr\/app\/wp-json\/wp\/v2\/product_tag?post=1897072"}],"curies":[{"name":"wp","href":"https:\/\/api.w.org\/{rel}","templated":true}]}}