{"id":1897056,"date":"2025-05-17T02:10:14","date_gmt":"2025-05-17T00:10:14","guid":{"rendered":"https:\/\/streetmarkets.fr\/app\/produit\/nouveau-mother-jean-the-hustler-roller-sneak-not-today-satan-precommande\/"},"modified":"2026-04-11T01:59:44","modified_gmt":"2026-04-10T23:59:44","slug":"nouveau-mother-jean-the-hustler-roller-sneak-not-today-satan-precommande","status":"publish","type":"product","link":"https:\/\/streetmarkets.fr\/app\/produit\/nouveau-mother-jean-the-hustler-roller-sneak-not-today-satan-precommande\/","title":{"rendered":"MOTHER Jean The Hustler Roller Sneak Not Today Satan -50%"},"content":{"rendered":"<p data-rte-preserve-empty=\"true\">Le jean Hustler Roller Sneak dans le wash Not Today Satan, taille haute, jambe flare 70s, coton stretch hyper souple et confortable. Un tomb\u00e9 impeccable.<\/p>\n<p data-rte-preserve-empty=\"true\">D\u00e9tail : 78% coton, 16% modal, 4% polyester, 2% \u00e9lasthanne.<\/p>\n<p data-rte-preserve-empty=\"true\">Fabriqu\u00e9 \u00e0 Los Angeles<\/p>\n","protected":false},"excerpt":{"rendered":"<p>Le jean Hustler Roller Sneak dans le wash Not Today Satan, taille haute, jambe flare 70s, coton stretch hyper souple et confortable. Un tomb\u00e9 impeccable. D\u00e9tail : 78% coton, 16% modal, 4% polyester, 2% \u00e9lasthanne. Fabriqu\u00e9 \u00e0 Los Angeles<\/p>\n","protected":false},"featured_media":1897057,"comment_status":"open","ping_status":"closed","template":"","meta":[],"product_brand":[],"product_cat":[1756,1762],"product_tag":[2244],"acf":[],"_links":{"self":[{"href":"https:\/\/streetmarkets.fr\/app\/wp-json\/wp\/v2\/product\/1897056"}],"collection":[{"href":"https:\/\/streetmarkets.fr\/app\/wp-json\/wp\/v2\/product"}],"about":[{"href":"https:\/\/streetmarkets.fr\/app\/wp-json\/wp\/v2\/types\/product"}],"replies":[{"embeddable":true,"href":"https:\/\/streetmarkets.fr\/app\/wp-json\/wp\/v2\/comments?post=1897056"}],"wp:featuredmedia":[{"embeddable":true,"href":"https:\/\/streetmarkets.fr\/app\/wp-json\/wp\/v2\/media\/1897057"}],"wp:attachment":[{"href":"https:\/\/streetmarkets.fr\/app\/wp-json\/wp\/v2\/media?parent=1897056"}],"wp:term":[{"taxonomy":"product_brand","embeddable":true,"href":"https:\/\/streetmarkets.fr\/app\/wp-json\/wp\/v2\/product_brand?post=1897056"},{"taxonomy":"product_cat","embeddable":true,"href":"https:\/\/streetmarkets.fr\/app\/wp-json\/wp\/v2\/product_cat?post=1897056"},{"taxonomy":"product_tag","embeddable":true,"href":"https:\/\/streetmarkets.fr\/app\/wp-json\/wp\/v2\/product_tag?post=1897056"}],"curies":[{"name":"wp","href":"https:\/\/api.w.org\/{rel}","templated":true}]}}