{"id":1889082,"date":"2025-05-15T06:55:36","date_gmt":"2025-05-15T04:55:36","guid":{"rendered":"https:\/\/streetmarkets.fr\/app\/produit\/larry-aoe-tile-ss-shirt\/"},"modified":"2026-03-16T05:47:42","modified_gmt":"2026-03-16T04:47:42","slug":"larry-aoe-tile-ss-shirt","status":"publish","type":"product","link":"https:\/\/streetmarkets.fr\/app\/produit\/larry-aoe-tile-ss-shirt\/","title":{"rendered":"Larry AOE Tile SS Shirt"},"content":{"rendered":"<p dir=\"auto\">D\u00e9couvrez la chemise manches courtes <strong>Larry AOE Tile<\/strong> SS Shirt de <strong>Les Deux<\/strong>, disponible chez <strong>Harold<\/strong>, votre multi marques homme situ\u00e9e dans le quartier du Marais \u00e0 Paris. Cette chemise est la <strong>pi\u00e8ce id\u00e9ale pour les mois d&#8217;\u00e9t\u00e9<\/strong>, alliant style expressif et confort.<\/p>\n<p dir=\"auto\">La <strong>Larry AOE Tile SS Shirt <\/strong>est une chemise coupe droite, r\u00e9alis\u00e9e en broderie anglaise d\u00e9taill\u00e9e, apportant une touche nostalgique et \u00e9l\u00e9gante. Disponible en couleur Ivoire, elle est confectionn\u00e9e en 100% coton, offrant une sensation de douceur et de l\u00e9g\u00e8ret\u00e9.<\/p>\n<p dir=\"auto\">Cette chemise se distingue par sa <strong>broderie de carreaux audacieuse<\/strong> sur toute la surface, ajoutant une note d&#8217;originalit\u00e9. Elle pr\u00e9sente un <strong>col classique<\/strong> et des manches courtes, parfaits pour un <strong>look estival d\u00e9contract\u00e9<\/strong>. L&#8217;empi\u00e8cement sans plis, la couture d&#8217;\u00e9paule r\u00e9guli\u00e8re et l&#8217;ourlet droit contribuent \u00e0 son allure soign\u00e9e et intemporelle.<\/p>\n<p dir=\"auto\">Portez le <strong>Larry AOE Tile SS Shirt<\/strong> avec un short en lin pour un <strong>look d\u00e9contract\u00e9<\/strong>, il existe notamment le <a href=\"https:\/\/harold-paris.com\/products\/harry-aoe-tile-shorts\" rel=\"noopener\" target=\"_blank\">Harry AOE Tile Shorts<\/a> pour un <strong>full look imprim\u00e9 r\u00e9ussi<\/strong>.\u00a0 Associez-le aussi \u00e0 un pantalon chino pour une allure plus soign\u00e9e. Visitez notre boutique Harold et d\u00e9couvrez cette chemise, ainsi que d&#8217;autres articles tendance pour compl\u00e9ter votre style.<\/p>\n","protected":false},"excerpt":{"rendered":"<p>D\u00e9couvrez la chemise manches courtes Larry AOE Tile SS Shirt de Les Deux, disponible chez Harold, votre multi marques homme situ\u00e9e dans le quartier du Marais \u00e0 Paris. Cette chemise est la pi\u00e8ce id\u00e9ale pour les mois d&#8217;\u00e9t\u00e9, alliant style expressif et confort. La Larry AOE Tile SS Shirt est une chemise coupe droite, r\u00e9alis\u00e9e [&hellip;]<\/p>\n","protected":false},"featured_media":1889083,"comment_status":"open","ping_status":"closed","template":"","meta":[],"product_brand":[],"product_cat":[1756,1758],"product_tag":[2244],"acf":[],"_links":{"self":[{"href":"https:\/\/streetmarkets.fr\/app\/wp-json\/wp\/v2\/product\/1889082"}],"collection":[{"href":"https:\/\/streetmarkets.fr\/app\/wp-json\/wp\/v2\/product"}],"about":[{"href":"https:\/\/streetmarkets.fr\/app\/wp-json\/wp\/v2\/types\/product"}],"replies":[{"embeddable":true,"href":"https:\/\/streetmarkets.fr\/app\/wp-json\/wp\/v2\/comments?post=1889082"}],"wp:featuredmedia":[{"embeddable":true,"href":"https:\/\/streetmarkets.fr\/app\/wp-json\/wp\/v2\/media\/1889083"}],"wp:attachment":[{"href":"https:\/\/streetmarkets.fr\/app\/wp-json\/wp\/v2\/media?parent=1889082"}],"wp:term":[{"taxonomy":"product_brand","embeddable":true,"href":"https:\/\/streetmarkets.fr\/app\/wp-json\/wp\/v2\/product_brand?post=1889082"},{"taxonomy":"product_cat","embeddable":true,"href":"https:\/\/streetmarkets.fr\/app\/wp-json\/wp\/v2\/product_cat?post=1889082"},{"taxonomy":"product_tag","embeddable":true,"href":"https:\/\/streetmarkets.fr\/app\/wp-json\/wp\/v2\/product_tag?post=1889082"}],"curies":[{"name":"wp","href":"https:\/\/api.w.org\/{rel}","templated":true}]}}