{"id":1877871,"date":"2025-05-13T08:38:38","date_gmt":"2025-05-13T06:38:38","guid":{"rendered":"https:\/\/streetmarkets.fr\/app\/produit\/bague-3-pierres-chrysoprase-au-fil-de-lo\/"},"modified":"2026-05-12T08:37:37","modified_gmt":"2026-05-12T06:37:37","slug":"bague-3-pierres-chrysoprase-au-fil-de-lo","status":"publish","type":"product","link":"https:\/\/streetmarkets.fr\/app\/produit\/bague-3-pierres-chrysoprase-au-fil-de-lo\/","title":{"rendered":"Bague 3 pierres Chrysoprase &#8211; Au Fil de LO"},"content":{"rendered":"<p>Bague r\u00e9glable 3 pierres serties en chrysoprase.\u00a0<\/p>\n<p>Cette superbe bague est plaqu\u00e9e or 3 microns, elle est ajustable et donc id\u00e9ale pour les cadeaux !<\/p>\n<p>Retrouvez sur notre eshop une s\u00e9lection des plus beaux mod\u00e8les de bijoux de la marque <a href=\"https:\/\/www.joee.fr\/concept-store-au-fil-de-lo-paris\" target=\"_blank\" rel=\"noopener\">Au Fil de LO.<\/a><\/p>\n","protected":false},"excerpt":{"rendered":"<p>Bague r\u00e9glable 3 pierres serties en chrysoprase.\u00a0 Cette superbe bague est plaqu\u00e9e or 3 microns, elle est ajustable et donc id\u00e9ale pour les cadeaux ! Retrouvez sur notre eshop une s\u00e9lection des plus beaux mod\u00e8les de bijoux de la marque Au Fil de LO.<\/p>\n","protected":false},"featured_media":1877872,"comment_status":"open","ping_status":"closed","template":"","meta":[],"product_brand":[],"product_cat":[1807,1756],"product_tag":[2244,1813],"acf":[],"_links":{"self":[{"href":"https:\/\/streetmarkets.fr\/app\/wp-json\/wp\/v2\/product\/1877871"}],"collection":[{"href":"https:\/\/streetmarkets.fr\/app\/wp-json\/wp\/v2\/product"}],"about":[{"href":"https:\/\/streetmarkets.fr\/app\/wp-json\/wp\/v2\/types\/product"}],"replies":[{"embeddable":true,"href":"https:\/\/streetmarkets.fr\/app\/wp-json\/wp\/v2\/comments?post=1877871"}],"wp:featuredmedia":[{"embeddable":true,"href":"https:\/\/streetmarkets.fr\/app\/wp-json\/wp\/v2\/media\/1877872"}],"wp:attachment":[{"href":"https:\/\/streetmarkets.fr\/app\/wp-json\/wp\/v2\/media?parent=1877871"}],"wp:term":[{"taxonomy":"product_brand","embeddable":true,"href":"https:\/\/streetmarkets.fr\/app\/wp-json\/wp\/v2\/product_brand?post=1877871"},{"taxonomy":"product_cat","embeddable":true,"href":"https:\/\/streetmarkets.fr\/app\/wp-json\/wp\/v2\/product_cat?post=1877871"},{"taxonomy":"product_tag","embeddable":true,"href":"https:\/\/streetmarkets.fr\/app\/wp-json\/wp\/v2\/product_tag?post=1877871"}],"curies":[{"name":"wp","href":"https:\/\/api.w.org\/{rel}","templated":true}]}}