{"id":1843569,"date":"2025-05-07T01:57:26","date_gmt":"2025-05-06T23:57:26","guid":{"rendered":"https:\/\/streetmarkets.fr\/app\/produit\/robe-courte-manches-longues-bella-s25-femme-tropical-raspbe\/"},"modified":"2025-10-02T02:00:31","modified_gmt":"2025-10-02T00:00:31","slug":"robe-courte-manches-longues-bella-s25-femme-tropical-raspbe","status":"publish","type":"product","link":"https:\/\/streetmarkets.fr\/app\/produit\/robe-courte-manches-longues-bella-s25-femme-tropical-raspbe\/","title":{"rendered":"Robe Courte Manches Longues Bella (S25 \/ FEMME \/ Tropical Raspbe)"},"content":{"rendered":"<p>&#8211; Robe courte Femme<br \/>\n<br \/>&#8211; D\u00e9collet\u00e9 effet cache-c\u0153ur<br \/>\n<br \/>&#8211; Manches longues<br \/>\n<br \/>&#8211; Poignets boutonn\u00e9s<br \/>\n<br \/>&#8211; Jupe l\u00e9g\u00e8rement \u00e9vas\u00e9e<br \/>\n<br \/>&#8211; Coupe regular<\/p>\n","protected":false},"excerpt":{"rendered":"<p>&#8211; Robe courte Femme &#8211; D\u00e9collet\u00e9 effet cache-c\u0153ur &#8211; Manches longues &#8211; Poignets boutonn\u00e9s &#8211; Jupe l\u00e9g\u00e8rement \u00e9vas\u00e9e &#8211; Coupe regular<\/p>\n","protected":false},"featured_media":1843570,"comment_status":"open","ping_status":"closed","template":"","meta":[],"product_brand":[6868],"product_cat":[1756,1762],"product_tag":[2244],"acf":[],"_links":{"self":[{"href":"https:\/\/streetmarkets.fr\/app\/wp-json\/wp\/v2\/product\/1843569"}],"collection":[{"href":"https:\/\/streetmarkets.fr\/app\/wp-json\/wp\/v2\/product"}],"about":[{"href":"https:\/\/streetmarkets.fr\/app\/wp-json\/wp\/v2\/types\/product"}],"replies":[{"embeddable":true,"href":"https:\/\/streetmarkets.fr\/app\/wp-json\/wp\/v2\/comments?post=1843569"}],"wp:featuredmedia":[{"embeddable":true,"href":"https:\/\/streetmarkets.fr\/app\/wp-json\/wp\/v2\/media\/1843570"}],"wp:attachment":[{"href":"https:\/\/streetmarkets.fr\/app\/wp-json\/wp\/v2\/media?parent=1843569"}],"wp:term":[{"taxonomy":"product_brand","embeddable":true,"href":"https:\/\/streetmarkets.fr\/app\/wp-json\/wp\/v2\/product_brand?post=1843569"},{"taxonomy":"product_cat","embeddable":true,"href":"https:\/\/streetmarkets.fr\/app\/wp-json\/wp\/v2\/product_cat?post=1843569"},{"taxonomy":"product_tag","embeddable":true,"href":"https:\/\/streetmarkets.fr\/app\/wp-json\/wp\/v2\/product_tag?post=1843569"}],"curies":[{"name":"wp","href":"https:\/\/api.w.org\/{rel}","templated":true}]}}