{"id":1843556,"date":"2025-05-07T01:57:24","date_gmt":"2025-05-06T23:57:24","guid":{"rendered":"https:\/\/streetmarkets.fr\/app\/produit\/robe-longue-bretelles-batya-s25-femme-tropical-raspbe\/"},"modified":"2025-08-21T01:53:22","modified_gmt":"2025-08-20T23:53:22","slug":"robe-longue-bretelles-batya-s25-femme-tropical-raspbe","status":"publish","type":"product","link":"https:\/\/streetmarkets.fr\/app\/produit\/robe-longue-bretelles-batya-s25-femme-tropical-raspbe\/","title":{"rendered":"Robe Longue Bretelles Batya (S25 \/ FEMME \/ Tropical Raspbe)"},"content":{"rendered":"<p>&#8211; Robe longue Femme<br \/>\n<br \/>&#8211; D\u00e9collet\u00e9 c\u0153ur<br \/>\n<br \/>&#8211; Bretelles fines<br \/>\n<br \/>&#8211; Coupe regular<\/p>\n","protected":false},"excerpt":{"rendered":"<p>&#8211; Robe longue Femme &#8211; D\u00e9collet\u00e9 c\u0153ur &#8211; Bretelles fines &#8211; Coupe regular<\/p>\n","protected":false},"featured_media":1843557,"comment_status":"open","ping_status":"closed","template":"","meta":[],"product_brand":[6868],"product_cat":[1756,1762],"product_tag":[2244],"acf":[],"_links":{"self":[{"href":"https:\/\/streetmarkets.fr\/app\/wp-json\/wp\/v2\/product\/1843556"}],"collection":[{"href":"https:\/\/streetmarkets.fr\/app\/wp-json\/wp\/v2\/product"}],"about":[{"href":"https:\/\/streetmarkets.fr\/app\/wp-json\/wp\/v2\/types\/product"}],"replies":[{"embeddable":true,"href":"https:\/\/streetmarkets.fr\/app\/wp-json\/wp\/v2\/comments?post=1843556"}],"wp:featuredmedia":[{"embeddable":true,"href":"https:\/\/streetmarkets.fr\/app\/wp-json\/wp\/v2\/media\/1843557"}],"wp:attachment":[{"href":"https:\/\/streetmarkets.fr\/app\/wp-json\/wp\/v2\/media?parent=1843556"}],"wp:term":[{"taxonomy":"product_brand","embeddable":true,"href":"https:\/\/streetmarkets.fr\/app\/wp-json\/wp\/v2\/product_brand?post=1843556"},{"taxonomy":"product_cat","embeddable":true,"href":"https:\/\/streetmarkets.fr\/app\/wp-json\/wp\/v2\/product_cat?post=1843556"},{"taxonomy":"product_tag","embeddable":true,"href":"https:\/\/streetmarkets.fr\/app\/wp-json\/wp\/v2\/product_tag?post=1843556"}],"curies":[{"name":"wp","href":"https:\/\/api.w.org\/{rel}","templated":true}]}}