{"id":1837337,"date":"2025-05-06T01:39:46","date_gmt":"2025-05-05T23:39:46","guid":{"rendered":"https:\/\/streetmarkets.fr\/app\/produit\/livre-vivienne-westwood\/"},"modified":"2026-05-05T01:39:36","modified_gmt":"2026-05-04T23:39:36","slug":"livre-vivienne-westwood","status":"publish","type":"product","link":"https:\/\/streetmarkets.fr\/app\/produit\/livre-vivienne-westwood\/","title":{"rendered":"LIVRE VIVIENNE WESTWOOD"},"content":{"rendered":"<p>LIVRE VIVIENNE WESTWOOD PAR CLAIRE WILCOX \u00c9DITIONS V&amp;A PUBLICATIONS<\/p>\n<p>LANGUE : ANGLAIS<\/p>\n<p>CONDITIONS : BON \u00c9TAT G\u00c9N\u00c9RAL<\/p>\n","protected":false},"excerpt":{"rendered":"<p>LIVRE VIVIENNE WESTWOOD PAR CLAIRE WILCOX \u00c9DITIONS V&amp;A PUBLICATIONS LANGUE : ANGLAIS CONDITIONS : BON \u00c9TAT G\u00c9N\u00c9RAL<\/p>\n","protected":false},"featured_media":1837338,"comment_status":"open","ping_status":"closed","template":"","meta":[],"product_brand":[],"product_cat":[1756,1760],"product_tag":[2122],"acf":[],"_links":{"self":[{"href":"https:\/\/streetmarkets.fr\/app\/wp-json\/wp\/v2\/product\/1837337"}],"collection":[{"href":"https:\/\/streetmarkets.fr\/app\/wp-json\/wp\/v2\/product"}],"about":[{"href":"https:\/\/streetmarkets.fr\/app\/wp-json\/wp\/v2\/types\/product"}],"replies":[{"embeddable":true,"href":"https:\/\/streetmarkets.fr\/app\/wp-json\/wp\/v2\/comments?post=1837337"}],"wp:featuredmedia":[{"embeddable":true,"href":"https:\/\/streetmarkets.fr\/app\/wp-json\/wp\/v2\/media\/1837338"}],"wp:attachment":[{"href":"https:\/\/streetmarkets.fr\/app\/wp-json\/wp\/v2\/media?parent=1837337"}],"wp:term":[{"taxonomy":"product_brand","embeddable":true,"href":"https:\/\/streetmarkets.fr\/app\/wp-json\/wp\/v2\/product_brand?post=1837337"},{"taxonomy":"product_cat","embeddable":true,"href":"https:\/\/streetmarkets.fr\/app\/wp-json\/wp\/v2\/product_cat?post=1837337"},{"taxonomy":"product_tag","embeddable":true,"href":"https:\/\/streetmarkets.fr\/app\/wp-json\/wp\/v2\/product_tag?post=1837337"}],"curies":[{"name":"wp","href":"https:\/\/api.w.org\/{rel}","templated":true}]}}