{"id":1837326,"date":"2025-05-06T01:39:45","date_gmt":"2025-05-05T23:39:45","guid":{"rendered":"https:\/\/streetmarkets.fr\/app\/produit\/livre-marithe-francois-girbaud\/"},"modified":"2026-05-08T01:39:30","modified_gmt":"2026-05-07T23:39:30","slug":"livre-marithe-francois-girbaud","status":"publish","type":"product","link":"https:\/\/streetmarkets.fr\/app\/produit\/livre-marithe-francois-girbaud\/","title":{"rendered":"LIVRE MARITH\u00c9 FRAN\u00c7OIS GIRBAUD"},"content":{"rendered":"<p>LIVRE MARITH\u00c9 FRAN\u00c7OIS GIRBAUD PAR FARID CHENOUNE, SONIA RACHLINE ET MARITH\u00c9 FRAN\u00c7OIS GIRBAUD \u00c9DITIONS DE LA MARTINI\u00c8RE<\/p>\n<p>LANGUE : FRAN\u00c7AIS<\/p>\n<p>CONDITIONS : BON \u00c9TAT G\u00c9N\u00c9RAL (COUVERTURE JAUNIES AVEC QUELQUES TRACES D&#8217;SURE)<\/p>\n","protected":false},"excerpt":{"rendered":"<p>LIVRE MARITH\u00c9 FRAN\u00c7OIS GIRBAUD PAR FARID CHENOUNE, SONIA RACHLINE ET MARITH\u00c9 FRAN\u00c7OIS GIRBAUD \u00c9DITIONS DE LA MARTINI\u00c8RE LANGUE : FRAN\u00c7AIS CONDITIONS : BON \u00c9TAT G\u00c9N\u00c9RAL (COUVERTURE JAUNIES AVEC QUELQUES TRACES D&#8217;SURE)<\/p>\n","protected":false},"featured_media":1837327,"comment_status":"open","ping_status":"closed","template":"","meta":[],"product_brand":[],"product_cat":[1756,1760],"product_tag":[2122],"acf":[],"_links":{"self":[{"href":"https:\/\/streetmarkets.fr\/app\/wp-json\/wp\/v2\/product\/1837326"}],"collection":[{"href":"https:\/\/streetmarkets.fr\/app\/wp-json\/wp\/v2\/product"}],"about":[{"href":"https:\/\/streetmarkets.fr\/app\/wp-json\/wp\/v2\/types\/product"}],"replies":[{"embeddable":true,"href":"https:\/\/streetmarkets.fr\/app\/wp-json\/wp\/v2\/comments?post=1837326"}],"wp:featuredmedia":[{"embeddable":true,"href":"https:\/\/streetmarkets.fr\/app\/wp-json\/wp\/v2\/media\/1837327"}],"wp:attachment":[{"href":"https:\/\/streetmarkets.fr\/app\/wp-json\/wp\/v2\/media?parent=1837326"}],"wp:term":[{"taxonomy":"product_brand","embeddable":true,"href":"https:\/\/streetmarkets.fr\/app\/wp-json\/wp\/v2\/product_brand?post=1837326"},{"taxonomy":"product_cat","embeddable":true,"href":"https:\/\/streetmarkets.fr\/app\/wp-json\/wp\/v2\/product_cat?post=1837326"},{"taxonomy":"product_tag","embeddable":true,"href":"https:\/\/streetmarkets.fr\/app\/wp-json\/wp\/v2\/product_tag?post=1837326"}],"curies":[{"name":"wp","href":"https:\/\/api.w.org\/{rel}","templated":true}]}}