{"id":1837169,"date":"2025-05-05T06:53:02","date_gmt":"2025-05-05T04:53:02","guid":{"rendered":"https:\/\/streetmarkets.fr\/app\/produit\/ceinture-cuir-reversible-safiano\/"},"modified":"2026-03-16T05:47:41","modified_gmt":"2026-03-16T04:47:41","slug":"ceinture-cuir-reversible-safiano","status":"publish","type":"product","link":"https:\/\/streetmarkets.fr\/app\/produit\/ceinture-cuir-reversible-safiano\/","title":{"rendered":"Ceinture Cuir Reversible Saffiano"},"content":{"rendered":"<p dir=\"auto\">La <strong>ceinture cuir reversible Safiano<\/strong> est un accessoire \u00e9l\u00e9gant et polyvalent, con\u00e7u pour s&#8217;adapter \u00e0 tous vos styles. Fabriqu\u00e9e en <strong>cuir de haute qualit\u00e9<\/strong>, cette ceinture se distingue par son <strong>design r\u00e9versible<\/strong>, offrant ainsi deux looks en un seul produit. Disponible en quatre coloris tendance : <strong>bordeaux, gold, moka et vert olive.<\/strong> Elle permet de varier les plaisirs selon vos envies et vos tenues.<\/p>\n<p dir=\"auto\">Vous pouvez trouver cette ceinture chez <strong>Harold<\/strong>, un <strong>must-have<\/strong> pour toute garde-robe, alliant qualit\u00e9, style et polyvalence.<\/p>\n","protected":false},"excerpt":{"rendered":"<p>La ceinture cuir reversible Safiano est un accessoire \u00e9l\u00e9gant et polyvalent, con\u00e7u pour s&#8217;adapter \u00e0 tous vos styles. Fabriqu\u00e9e en cuir de haute qualit\u00e9, cette ceinture se distingue par son design r\u00e9versible, offrant ainsi deux looks en un seul produit. Disponible en quatre coloris tendance : bordeaux, gold, moka et vert olive. Elle permet de [&hellip;]<\/p>\n","protected":false},"featured_media":1837170,"comment_status":"open","ping_status":"closed","template":"","meta":[],"product_brand":[],"product_cat":[1756,1760],"product_tag":[2244],"acf":[],"_links":{"self":[{"href":"https:\/\/streetmarkets.fr\/app\/wp-json\/wp\/v2\/product\/1837169"}],"collection":[{"href":"https:\/\/streetmarkets.fr\/app\/wp-json\/wp\/v2\/product"}],"about":[{"href":"https:\/\/streetmarkets.fr\/app\/wp-json\/wp\/v2\/types\/product"}],"replies":[{"embeddable":true,"href":"https:\/\/streetmarkets.fr\/app\/wp-json\/wp\/v2\/comments?post=1837169"}],"wp:featuredmedia":[{"embeddable":true,"href":"https:\/\/streetmarkets.fr\/app\/wp-json\/wp\/v2\/media\/1837170"}],"wp:attachment":[{"href":"https:\/\/streetmarkets.fr\/app\/wp-json\/wp\/v2\/media?parent=1837169"}],"wp:term":[{"taxonomy":"product_brand","embeddable":true,"href":"https:\/\/streetmarkets.fr\/app\/wp-json\/wp\/v2\/product_brand?post=1837169"},{"taxonomy":"product_cat","embeddable":true,"href":"https:\/\/streetmarkets.fr\/app\/wp-json\/wp\/v2\/product_cat?post=1837169"},{"taxonomy":"product_tag","embeddable":true,"href":"https:\/\/streetmarkets.fr\/app\/wp-json\/wp\/v2\/product_tag?post=1837169"}],"curies":[{"name":"wp","href":"https:\/\/api.w.org\/{rel}","templated":true}]}}