{"id":1830994,"date":"2025-05-04T08:42:36","date_gmt":"2025-05-04T06:42:36","guid":{"rendered":"https:\/\/streetmarkets.fr\/app\/produit\/sac-yolande-naturel-sovani\/"},"modified":"2026-05-05T08:38:16","modified_gmt":"2026-05-05T06:38:16","slug":"sac-yolande-naturel-sovani","status":"publish","type":"product","link":"https:\/\/streetmarkets.fr\/app\/produit\/sac-yolande-naturel-sovani\/","title":{"rendered":"Sac yolande naturel &#8211; Sovani"},"content":{"rendered":"<ul>\n<li>\n <span>Sac cabas en raphia fabriqu\u00e9 \u00e0 la main, il est dot\u00e9 de anses en raffia <\/span>\n<\/li>\n<li><span>Il peut se porter \u00e0 l&#8217;\u00e9paule.\u00a0<\/span><\/li>\n<\/ul>\n<p><span>&#8211; Poche int\u00e9rieure<\/span><\/p>\n<p><span>&#8211; 100% naturel et fabriqu\u00e9 \u00e0 Madagascar<\/span><\/p>\n<p>Dimensions : Hauteur : 32 cm + 23 cm hauteur anse \/ largeur 50 cm<\/p>\n<p>\u00a0<\/p>\n","protected":false},"excerpt":{"rendered":"<p>Sac cabas en raphia fabriqu\u00e9 \u00e0 la main, il est dot\u00e9 de anses en raffia Il peut se porter \u00e0 l&#8217;\u00e9paule.\u00a0 &#8211; Poche int\u00e9rieure &#8211; 100% naturel et fabriqu\u00e9 \u00e0 Madagascar Dimensions : Hauteur : 32 cm + 23 cm hauteur anse \/ largeur 50 cm \u00a0<\/p>\n","protected":false},"featured_media":1830995,"comment_status":"open","ping_status":"closed","template":"","meta":[],"product_brand":[],"product_cat":[1756,1764],"product_tag":[2244],"acf":[],"_links":{"self":[{"href":"https:\/\/streetmarkets.fr\/app\/wp-json\/wp\/v2\/product\/1830994"}],"collection":[{"href":"https:\/\/streetmarkets.fr\/app\/wp-json\/wp\/v2\/product"}],"about":[{"href":"https:\/\/streetmarkets.fr\/app\/wp-json\/wp\/v2\/types\/product"}],"replies":[{"embeddable":true,"href":"https:\/\/streetmarkets.fr\/app\/wp-json\/wp\/v2\/comments?post=1830994"}],"wp:featuredmedia":[{"embeddable":true,"href":"https:\/\/streetmarkets.fr\/app\/wp-json\/wp\/v2\/media\/1830995"}],"wp:attachment":[{"href":"https:\/\/streetmarkets.fr\/app\/wp-json\/wp\/v2\/media?parent=1830994"}],"wp:term":[{"taxonomy":"product_brand","embeddable":true,"href":"https:\/\/streetmarkets.fr\/app\/wp-json\/wp\/v2\/product_brand?post=1830994"},{"taxonomy":"product_cat","embeddable":true,"href":"https:\/\/streetmarkets.fr\/app\/wp-json\/wp\/v2\/product_cat?post=1830994"},{"taxonomy":"product_tag","embeddable":true,"href":"https:\/\/streetmarkets.fr\/app\/wp-json\/wp\/v2\/product_tag?post=1830994"}],"curies":[{"name":"wp","href":"https:\/\/api.w.org\/{rel}","templated":true}]}}